{"id":91997,"date":"2021-01-22T22:15:27","date_gmt":"2021-01-22T22:15:27","guid":{"rendered":"https:\/\/ifoffice.pt\/produto\/import-placeholder-for-48484\/"},"modified":"2026-02-23T13:25:15","modified_gmt":"2026-02-23T13:25:15","slug":"ar-de-pressao-q-connect-para-limpeza-geral-400-ml","status":"publish","type":"product","link":"https:\/\/ifoffice.pt\/?product=ar-de-pressao-q-connect-para-limpeza-geral-400-ml","title":{"rendered":"Ar de pressao q-connect para limpeza geral 400 ml"},"content":{"rendered":"<p>Pulverizador de ar comprimido para limpeza geral. Eficaz em qualquer superf\u00edcie, pois evita a sujeira nas \u00e1reas mais inacess\u00edveis. Garrafa de 400 ml.<\/p>\n","protected":false},"excerpt":{"rendered":"<p>Ar de pressao q-connect para limpeza geral 400 ml<\/p>\n","protected":false},"featured_media":122954,"comment_status":"closed","ping_status":"closed","template":"","meta":{"neve_meta_sidebar":"","neve_meta_container":"","neve_meta_enable_content_width":"off","neve_meta_content_width":0,"neve_meta_title_alignment":"","neve_meta_author_avatar":"","neve_post_elements_order":"","neve_meta_disable_header":"","neve_meta_disable_footer":"","neve_meta_disable_title":""},"product_brand":[],"product_cat":[2353],"product_tag":[916],"class_list":{"0":"post-91997","1":"product","2":"type-product","3":"status-publish","4":"has-post-thumbnail","6":"product_cat-limpeza-e-manutencao","7":"product_tag-pordutos-de-limpeza","9":"first","10":"instock","11":"sale","12":"taxable","13":"shipping-taxable","14":"purchasable","15":"product-type-simple"},"_links":{"self":[{"href":"https:\/\/ifoffice.pt\/index.php?rest_route=\/wp\/v2\/product\/91997","targetHints":{"allow":["GET"]}}],"collection":[{"href":"https:\/\/ifoffice.pt\/index.php?rest_route=\/wp\/v2\/product"}],"about":[{"href":"https:\/\/ifoffice.pt\/index.php?rest_route=\/wp\/v2\/types\/product"}],"replies":[{"embeddable":true,"href":"https:\/\/ifoffice.pt\/index.php?rest_route=%2Fwp%2Fv2%2Fcomments&post=91997"}],"wp:featuredmedia":[{"embeddable":true,"href":"https:\/\/ifoffice.pt\/index.php?rest_route=\/wp\/v2\/media\/122954"}],"wp:attachment":[{"href":"https:\/\/ifoffice.pt\/index.php?rest_route=%2Fwp%2Fv2%2Fmedia&parent=91997"}],"wp:term":[{"taxonomy":"product_brand","embeddable":true,"href":"https:\/\/ifoffice.pt\/index.php?rest_route=%2Fwp%2Fv2%2Fproduct_brand&post=91997"},{"taxonomy":"product_cat","embeddable":true,"href":"https:\/\/ifoffice.pt\/index.php?rest_route=%2Fwp%2Fv2%2Fproduct_cat&post=91997"},{"taxonomy":"product_tag","embeddable":true,"href":"https:\/\/ifoffice.pt\/index.php?rest_route=%2Fwp%2Fv2%2Fproduct_tag&post=91997"}],"curies":[{"name":"wp","href":"https:\/\/api.w.org\/{rel}","templated":true}]}}