{"id":91626,"date":"2021-01-22T22:12:34","date_gmt":"2021-01-22T22:12:34","guid":{"rendered":"https:\/\/ifoffice.pt\/produto\/import-placeholder-for-49352\/"},"modified":"2026-02-23T13:24:46","modified_gmt":"2026-02-23T13:24:46","slug":"plastificadora-gbc-inspire-din-a4-2-rolos-ate-80-microns","status":"publish","type":"product","link":"https:\/\/ifoffice.pt\/?product=plastificadora-gbc-inspire-din-a4-2-rolos-ate-80-microns","title":{"rendered":"Plastificadora gbc inspire din a4 2 rolos ate 80 microns"},"content":{"rendered":"<p>Plastificadora simples e de qualidade para trabalhos limitados. Tempo de aquecimento 6 minutos. Interface simples com um \u00fanico interruptor. Plastifica formatos A4\/A3. Configura\u00e7\u00e3o de temperatura \u00fanica de 75 microns por face (150 EN total). Concebida para minimizar os custos sem comprometer a qualidade de plastifica\u00e7\u00e3o. Garantia: 2 anos<\/p>\n","protected":false},"excerpt":{"rendered":"<p>Plastificadora gbc inspire din a4 2 rolos ate 80 microns<\/p>\n","protected":false},"featured_media":122795,"comment_status":"closed","ping_status":"closed","template":"","meta":{"neve_meta_sidebar":"","neve_meta_container":"","neve_meta_enable_content_width":"off","neve_meta_content_width":70,"neve_meta_title_alignment":"","neve_meta_author_avatar":"","neve_post_elements_order":"","neve_meta_disable_header":"","neve_meta_disable_footer":"","neve_meta_disable_title":""},"product_brand":[],"product_cat":[1864],"product_tag":[1230],"class_list":{"0":"post-91626","1":"product","2":"type-product","3":"status-publish","4":"has-post-thumbnail","6":"product_cat-plastificadoras","7":"product_tag-plastificadora","9":"first","10":"instock","11":"taxable","12":"shipping-taxable","13":"purchasable","14":"product-type-simple"},"_links":{"self":[{"href":"https:\/\/ifoffice.pt\/index.php?rest_route=\/wp\/v2\/product\/91626","targetHints":{"allow":["GET"]}}],"collection":[{"href":"https:\/\/ifoffice.pt\/index.php?rest_route=\/wp\/v2\/product"}],"about":[{"href":"https:\/\/ifoffice.pt\/index.php?rest_route=\/wp\/v2\/types\/product"}],"replies":[{"embeddable":true,"href":"https:\/\/ifoffice.pt\/index.php?rest_route=%2Fwp%2Fv2%2Fcomments&post=91626"}],"wp:featuredmedia":[{"embeddable":true,"href":"https:\/\/ifoffice.pt\/index.php?rest_route=\/wp\/v2\/media\/122795"}],"wp:attachment":[{"href":"https:\/\/ifoffice.pt\/index.php?rest_route=%2Fwp%2Fv2%2Fmedia&parent=91626"}],"wp:term":[{"taxonomy":"product_brand","embeddable":true,"href":"https:\/\/ifoffice.pt\/index.php?rest_route=%2Fwp%2Fv2%2Fproduct_brand&post=91626"},{"taxonomy":"product_cat","embeddable":true,"href":"https:\/\/ifoffice.pt\/index.php?rest_route=%2Fwp%2Fv2%2Fproduct_cat&post=91626"},{"taxonomy":"product_tag","embeddable":true,"href":"https:\/\/ifoffice.pt\/index.php?rest_route=%2Fwp%2Fv2%2Fproduct_tag&post=91626"}],"curies":[{"name":"wp","href":"https:\/\/api.w.org\/{rel}","templated":true}]}}