{"id":91614,"date":"2021-01-22T22:12:32","date_gmt":"2021-01-22T22:12:32","guid":{"rendered":"https:\/\/ifoffice.pt\/produto\/import-placeholder-for-49378\/"},"modified":"2026-02-23T14:53:51","modified_gmt":"2026-02-23T14:53:51","slug":"cartolina-guarro-50x65-cm-185-grtangerina","status":"publish","type":"product","link":"https:\/\/ifoffice.pt\/?product=cartolina-guarro-50x65-cm-185-grtangerina","title":{"rendered":"Cartolina guarro 50&#215;65 cm 185 grtangerina"},"content":{"rendered":"<p>Cartolina de cor, ligeiramente acetinada e colorida em pasta de pigmentos s\u00f3lidos \u00e0 luz. Caracteriza-se pela dureza e regularidade da sua superf\u00edcie.  Para desenho e trabalhos manuais.<\/p>\n","protected":false},"excerpt":{"rendered":"<p>PACK DE 25 UNIDADES<\/p>\n","protected":false},"featured_media":122783,"comment_status":"closed","ping_status":"closed","template":"","meta":{"neve_meta_sidebar":"","neve_meta_container":"","neve_meta_enable_content_width":"off","neve_meta_content_width":0,"neve_meta_title_alignment":"","neve_meta_author_avatar":"","neve_post_elements_order":"","neve_meta_disable_header":"","neve_meta_disable_footer":"","neve_meta_disable_title":""},"product_brand":[],"product_cat":[1903],"product_tag":[2386],"class_list":{"0":"post-91614","1":"product","2":"type-product","3":"status-publish","4":"has-post-thumbnail","6":"product_cat-cartolinas","7":"product_tag-laranja","9":"first","10":"instock","11":"taxable","12":"shipping-taxable","13":"purchasable","14":"product-type-simple"},"_links":{"self":[{"href":"https:\/\/ifoffice.pt\/index.php?rest_route=\/wp\/v2\/product\/91614","targetHints":{"allow":["GET"]}}],"collection":[{"href":"https:\/\/ifoffice.pt\/index.php?rest_route=\/wp\/v2\/product"}],"about":[{"href":"https:\/\/ifoffice.pt\/index.php?rest_route=\/wp\/v2\/types\/product"}],"replies":[{"embeddable":true,"href":"https:\/\/ifoffice.pt\/index.php?rest_route=%2Fwp%2Fv2%2Fcomments&post=91614"}],"wp:featuredmedia":[{"embeddable":true,"href":"https:\/\/ifoffice.pt\/index.php?rest_route=\/wp\/v2\/media\/122783"}],"wp:attachment":[{"href":"https:\/\/ifoffice.pt\/index.php?rest_route=%2Fwp%2Fv2%2Fmedia&parent=91614"}],"wp:term":[{"taxonomy":"product_brand","embeddable":true,"href":"https:\/\/ifoffice.pt\/index.php?rest_route=%2Fwp%2Fv2%2Fproduct_brand&post=91614"},{"taxonomy":"product_cat","embeddable":true,"href":"https:\/\/ifoffice.pt\/index.php?rest_route=%2Fwp%2Fv2%2Fproduct_cat&post=91614"},{"taxonomy":"product_tag","embeddable":true,"href":"https:\/\/ifoffice.pt\/index.php?rest_route=%2Fwp%2Fv2%2Fproduct_tag&post=91614"}],"curies":[{"name":"wp","href":"https:\/\/api.w.org\/{rel}","templated":true}]}}