{"id":91578,"date":"2021-01-22T22:12:10","date_gmt":"2021-01-22T22:12:10","guid":{"rendered":"https:\/\/ifoffice.pt\/produto\/import-placeholder-for-49518\/"},"modified":"2026-02-23T13:24:42","modified_gmt":"2026-02-23T13:24:42","slug":"coluna-trust-mila-2-0-5w-rms","status":"publish","type":"product","link":"https:\/\/ifoffice.pt\/?product=coluna-trust-mila-2-0-5w-rms","title":{"rendered":"Coluna trust mila 2.0 5w rms"},"content":{"rendered":"<p>Compacto conjunto de colunas st\u00e9reo com pot\u00eancia de sa\u00edda RMS de 5 watts (m\u00e1x. potencia: 10 watts). Para uma reprodu\u00e7\u00e3o mais n\u00edtida dos efeitos de som e a m\u00fasica. Apto para pc, computadores port\u00e1teis, reprodutores mp3, etc. Bot\u00f5es de controlo para ligar e ajuste de volume. Conex\u00e3o frontal para auriculares. Medidas: 185 x 75 x 95 mm. Peso: 772 g.<\/p>\n","protected":false},"excerpt":{"rendered":"<p>Coluna trust mila 2.0 5w rms<\/p>\n","protected":false},"featured_media":122773,"comment_status":"closed","ping_status":"closed","template":"","meta":{"neve_meta_sidebar":"","neve_meta_container":"","neve_meta_enable_content_width":"","neve_meta_content_width":0,"neve_meta_title_alignment":"","neve_meta_author_avatar":"","neve_post_elements_order":"","neve_meta_disable_header":"","neve_meta_disable_footer":"","neve_meta_disable_title":""},"product_brand":[],"product_cat":[1805],"product_tag":[1199],"class_list":{"0":"post-91578","1":"product","2":"type-product","3":"status-publish","4":"has-post-thumbnail","6":"product_cat-colunas-microfones-webcam","7":"product_tag-colunas","9":"first","10":"instock","11":"taxable","12":"shipping-taxable","13":"purchasable","14":"product-type-simple"},"_links":{"self":[{"href":"https:\/\/ifoffice.pt\/index.php?rest_route=\/wp\/v2\/product\/91578","targetHints":{"allow":["GET"]}}],"collection":[{"href":"https:\/\/ifoffice.pt\/index.php?rest_route=\/wp\/v2\/product"}],"about":[{"href":"https:\/\/ifoffice.pt\/index.php?rest_route=\/wp\/v2\/types\/product"}],"replies":[{"embeddable":true,"href":"https:\/\/ifoffice.pt\/index.php?rest_route=%2Fwp%2Fv2%2Fcomments&post=91578"}],"wp:featuredmedia":[{"embeddable":true,"href":"https:\/\/ifoffice.pt\/index.php?rest_route=\/wp\/v2\/media\/122773"}],"wp:attachment":[{"href":"https:\/\/ifoffice.pt\/index.php?rest_route=%2Fwp%2Fv2%2Fmedia&parent=91578"}],"wp:term":[{"taxonomy":"product_brand","embeddable":true,"href":"https:\/\/ifoffice.pt\/index.php?rest_route=%2Fwp%2Fv2%2Fproduct_brand&post=91578"},{"taxonomy":"product_cat","embeddable":true,"href":"https:\/\/ifoffice.pt\/index.php?rest_route=%2Fwp%2Fv2%2Fproduct_cat&post=91578"},{"taxonomy":"product_tag","embeddable":true,"href":"https:\/\/ifoffice.pt\/index.php?rest_route=%2Fwp%2Fv2%2Fproduct_tag&post=91578"}],"curies":[{"name":"wp","href":"https:\/\/api.w.org\/{rel}","templated":true}]}}