{"id":91423,"date":"2021-01-22T22:10:57","date_gmt":"2021-01-22T22:10:57","guid":{"rendered":"https:\/\/ifoffice.pt\/produto\/import-placeholder-for-50067\/"},"modified":"2026-02-23T13:24:32","modified_gmt":"2026-02-23T13:24:32","slug":"bebida-isotonica-aquarius-limao-lata-330ml","status":"publish","type":"product","link":"https:\/\/ifoffice.pt\/?product=bebida-isotonica-aquarius-limao-lata-330ml","title":{"rendered":"Bebida isotonica aquarius limao lata 330ml"},"content":{"rendered":"<p>Bebida energ\u00e9tica sem g\u00e1s. Sabor a lim\u00e3o.  Lata 330 ml.<\/p>\n","protected":false},"excerpt":{"rendered":"<p>Bebida isotonica aquarius limao lata 330ml<\/p>\n","protected":false},"featured_media":122712,"comment_status":"closed","ping_status":"closed","template":"","meta":{"neve_meta_sidebar":"","neve_meta_container":"","neve_meta_enable_content_width":"off","neve_meta_content_width":0,"neve_meta_title_alignment":"","neve_meta_author_avatar":"","neve_post_elements_order":"","neve_meta_disable_header":"","neve_meta_disable_footer":"","neve_meta_disable_title":""},"product_brand":[],"product_cat":[1818],"product_tag":[2397],"class_list":{"0":"post-91423","1":"product","2":"type-product","3":"status-publish","4":"has-post-thumbnail","6":"product_cat-bebidas","7":"product_tag-refrigerantes","9":"first","10":"instock","11":"taxable","12":"shipping-taxable","13":"purchasable","14":"product-type-simple"},"_links":{"self":[{"href":"https:\/\/ifoffice.pt\/index.php?rest_route=\/wp\/v2\/product\/91423","targetHints":{"allow":["GET"]}}],"collection":[{"href":"https:\/\/ifoffice.pt\/index.php?rest_route=\/wp\/v2\/product"}],"about":[{"href":"https:\/\/ifoffice.pt\/index.php?rest_route=\/wp\/v2\/types\/product"}],"replies":[{"embeddable":true,"href":"https:\/\/ifoffice.pt\/index.php?rest_route=%2Fwp%2Fv2%2Fcomments&post=91423"}],"wp:featuredmedia":[{"embeddable":true,"href":"https:\/\/ifoffice.pt\/index.php?rest_route=\/wp\/v2\/media\/122712"}],"wp:attachment":[{"href":"https:\/\/ifoffice.pt\/index.php?rest_route=%2Fwp%2Fv2%2Fmedia&parent=91423"}],"wp:term":[{"taxonomy":"product_brand","embeddable":true,"href":"https:\/\/ifoffice.pt\/index.php?rest_route=%2Fwp%2Fv2%2Fproduct_brand&post=91423"},{"taxonomy":"product_cat","embeddable":true,"href":"https:\/\/ifoffice.pt\/index.php?rest_route=%2Fwp%2Fv2%2Fproduct_cat&post=91423"},{"taxonomy":"product_tag","embeddable":true,"href":"https:\/\/ifoffice.pt\/index.php?rest_route=%2Fwp%2Fv2%2Fproduct_tag&post=91423"}],"curies":[{"name":"wp","href":"https:\/\/api.w.org\/{rel}","templated":true}]}}