{"id":91326,"date":"2021-01-22T22:10:09","date_gmt":"2021-01-22T22:10:09","guid":{"rendered":"https:\/\/ifoffice.pt\/produto\/import-placeholder-for-50395\/"},"modified":"2025-03-12T11:49:27","modified_gmt":"2025-03-12T11:49:27","slug":"calculadora-citizen-de-secretaria-sdc-022-s-secretaria-10-digitos","status":"publish","type":"product","link":"https:\/\/ifoffice.pt\/?product=calculadora-citizen-de-secretaria-sdc-022-s-secretaria-10-digitos","title":{"rendered":"Calculadora de secret\u00e1ria Citizen SDC-022S"},"content":{"rendered":"<p>Calculadora de 10 d\u00edgitos. Tecla de soma e subtra\u00e7\u00e3o de memoria. Raiz quadrada. Tecla de percentagem. Tecla de +\/-. Calculadora de secret\u00e1ria ECO eficiente, Dual power: solar e pilhas. Pequena em tamanho, grande em presta\u00e7\u00f5es, robusta duradoura e muito econ\u00f3mica. Medidas: 120 x 87 x 23 mm. Peso: 66 g.<\/p>\n","protected":false},"excerpt":{"rendered":"<p>Calculadora citizen de secretaria sdc-022-s secretaria 10 digitos<\/p>\n","protected":false},"featured_media":91356,"comment_status":"closed","ping_status":"closed","template":"","meta":{"neve_meta_sidebar":"","neve_meta_container":"","neve_meta_enable_content_width":"off","neve_meta_content_width":70,"neve_meta_title_alignment":"","neve_meta_author_avatar":"","neve_post_elements_order":"","neve_meta_disable_header":"","neve_meta_disable_footer":"","neve_meta_disable_title":""},"product_brand":[],"product_cat":[1883],"product_tag":[950],"class_list":{"0":"post-91326","1":"product","2":"type-product","3":"status-publish","4":"has-post-thumbnail","6":"product_cat-calculadoras-de-secretaria","7":"product_tag-secretaria","9":"first","10":"outofstock","11":"taxable","12":"shipping-taxable","13":"purchasable","14":"product-type-simple"},"_links":{"self":[{"href":"https:\/\/ifoffice.pt\/index.php?rest_route=\/wp\/v2\/product\/91326","targetHints":{"allow":["GET"]}}],"collection":[{"href":"https:\/\/ifoffice.pt\/index.php?rest_route=\/wp\/v2\/product"}],"about":[{"href":"https:\/\/ifoffice.pt\/index.php?rest_route=\/wp\/v2\/types\/product"}],"replies":[{"embeddable":true,"href":"https:\/\/ifoffice.pt\/index.php?rest_route=%2Fwp%2Fv2%2Fcomments&post=91326"}],"wp:featuredmedia":[{"embeddable":true,"href":"https:\/\/ifoffice.pt\/index.php?rest_route=\/wp\/v2\/media\/91356"}],"wp:attachment":[{"href":"https:\/\/ifoffice.pt\/index.php?rest_route=%2Fwp%2Fv2%2Fmedia&parent=91326"}],"wp:term":[{"taxonomy":"product_brand","embeddable":true,"href":"https:\/\/ifoffice.pt\/index.php?rest_route=%2Fwp%2Fv2%2Fproduct_brand&post=91326"},{"taxonomy":"product_cat","embeddable":true,"href":"https:\/\/ifoffice.pt\/index.php?rest_route=%2Fwp%2Fv2%2Fproduct_cat&post=91326"},{"taxonomy":"product_tag","embeddable":true,"href":"https:\/\/ifoffice.pt\/index.php?rest_route=%2Fwp%2Fv2%2Fproduct_tag&post=91326"}],"curies":[{"name":"wp","href":"https:\/\/api.w.org\/{rel}","templated":true}]}}