{"id":91263,"date":"2021-01-22T22:09:44","date_gmt":"2021-01-22T22:09:44","guid":{"rendered":"https:\/\/ifoffice.pt\/produto\/import-placeholder-for-51783\/"},"modified":"2026-02-23T13:24:22","modified_gmt":"2026-02-23T13:24:22","slug":"datador-trodat-automatico-38-mm-4810-texto-portugues","status":"publish","type":"product","link":"https:\/\/ifoffice.pt\/?product=datador-trodat-automatico-38-mm-4810-texto-portugues","title":{"rendered":"Datador trodat automatico 3,8 mm 4810 texto portugues"},"content":{"rendered":"<p>Com almofada incorporada, na cor preta e com sistema de tintagem autom\u00e1tico. Auxiliam na organiza\u00e7\u00e3o e no arquivo dos seus documentos. O datador.<\/p>\n","protected":false},"excerpt":{"rendered":"<p>Datador trodat automatico 3,8 mm 4810 texto portugues<\/p>\n","protected":false},"featured_media":132042,"comment_status":"closed","ping_status":"closed","template":"","meta":{"neve_meta_sidebar":"","neve_meta_container":"","neve_meta_enable_content_width":"","neve_meta_content_width":0,"neve_meta_title_alignment":"","neve_meta_author_avatar":"","neve_post_elements_order":"","neve_meta_disable_header":"","neve_meta_disable_footer":"","neve_meta_disable_title":""},"product_brand":[],"product_cat":[2097],"product_tag":[2858],"class_list":{"0":"post-91263","1":"product","2":"type-product","3":"status-publish","4":"has-post-thumbnail","6":"product_cat-datadores","7":"product_tag-datadores","9":"first","10":"instock","11":"taxable","12":"shipping-taxable","13":"purchasable","14":"product-type-simple"},"_links":{"self":[{"href":"https:\/\/ifoffice.pt\/index.php?rest_route=\/wp\/v2\/product\/91263","targetHints":{"allow":["GET"]}}],"collection":[{"href":"https:\/\/ifoffice.pt\/index.php?rest_route=\/wp\/v2\/product"}],"about":[{"href":"https:\/\/ifoffice.pt\/index.php?rest_route=\/wp\/v2\/types\/product"}],"replies":[{"embeddable":true,"href":"https:\/\/ifoffice.pt\/index.php?rest_route=%2Fwp%2Fv2%2Fcomments&post=91263"}],"wp:featuredmedia":[{"embeddable":true,"href":"https:\/\/ifoffice.pt\/index.php?rest_route=\/wp\/v2\/media\/132042"}],"wp:attachment":[{"href":"https:\/\/ifoffice.pt\/index.php?rest_route=%2Fwp%2Fv2%2Fmedia&parent=91263"}],"wp:term":[{"taxonomy":"product_brand","embeddable":true,"href":"https:\/\/ifoffice.pt\/index.php?rest_route=%2Fwp%2Fv2%2Fproduct_brand&post=91263"},{"taxonomy":"product_cat","embeddable":true,"href":"https:\/\/ifoffice.pt\/index.php?rest_route=%2Fwp%2Fv2%2Fproduct_cat&post=91263"},{"taxonomy":"product_tag","embeddable":true,"href":"https:\/\/ifoffice.pt\/index.php?rest_route=%2Fwp%2Fv2%2Fproduct_tag&post=91263"}],"curies":[{"name":"wp","href":"https:\/\/api.w.org\/{rel}","templated":true}]}}