{"id":91260,"date":"2021-01-22T22:09:44","date_gmt":"2021-01-22T22:09:44","guid":{"rendered":"https:\/\/ifoffice.pt\/produto\/import-placeholder-for-51882\/"},"modified":"2025-03-12T11:49:18","modified_gmt":"2025-03-12T11:49:18","slug":"calculadora-citizen-de-bolso-lc-110-azul-de-8-digitos","status":"publish","type":"product","link":"https:\/\/ifoffice.pt\/?product=calculadora-citizen-de-bolso-lc-110-azul-de-8-digitos","title":{"rendered":"Calculadora de bolso Citizen LC-110N. Azul celeste"},"content":{"rendered":"<p>Calculadora de bolso de 8 d\u00edgitos. Funcionamento a pilhas. Soma e subtra\u00e7\u00e3o de mem\u00f3ria. Com capa protetora. Cores muito atraentes. Medidas: 87 x 58 x 12 mm. Peso 31 g..<\/p>\n","protected":false},"excerpt":{"rendered":"<p>Calculadora citizen de bolso lc-110 azul de 8 digitos<\/p>\n","protected":false},"featured_media":91290,"comment_status":"closed","ping_status":"closed","template":"","meta":{"neve_meta_sidebar":"","neve_meta_container":"","neve_meta_enable_content_width":"off","neve_meta_content_width":0,"neve_meta_title_alignment":"","neve_meta_author_avatar":"","neve_post_elements_order":"","neve_meta_disable_header":"","neve_meta_disable_footer":"","neve_meta_disable_title":""},"product_brand":[],"product_cat":[1928],"product_tag":[1404],"class_list":{"0":"post-91260","1":"product","2":"type-product","3":"status-publish","4":"has-post-thumbnail","6":"product_cat-calculadoras-de-bolso","7":"product_tag-bolso","9":"first","10":"outofstock","11":"taxable","12":"shipping-taxable","13":"purchasable","14":"product-type-simple"},"_links":{"self":[{"href":"https:\/\/ifoffice.pt\/index.php?rest_route=\/wp\/v2\/product\/91260","targetHints":{"allow":["GET"]}}],"collection":[{"href":"https:\/\/ifoffice.pt\/index.php?rest_route=\/wp\/v2\/product"}],"about":[{"href":"https:\/\/ifoffice.pt\/index.php?rest_route=\/wp\/v2\/types\/product"}],"replies":[{"embeddable":true,"href":"https:\/\/ifoffice.pt\/index.php?rest_route=%2Fwp%2Fv2%2Fcomments&post=91260"}],"wp:featuredmedia":[{"embeddable":true,"href":"https:\/\/ifoffice.pt\/index.php?rest_route=\/wp\/v2\/media\/91290"}],"wp:attachment":[{"href":"https:\/\/ifoffice.pt\/index.php?rest_route=%2Fwp%2Fv2%2Fmedia&parent=91260"}],"wp:term":[{"taxonomy":"product_brand","embeddable":true,"href":"https:\/\/ifoffice.pt\/index.php?rest_route=%2Fwp%2Fv2%2Fproduct_brand&post=91260"},{"taxonomy":"product_cat","embeddable":true,"href":"https:\/\/ifoffice.pt\/index.php?rest_route=%2Fwp%2Fv2%2Fproduct_cat&post=91260"},{"taxonomy":"product_tag","embeddable":true,"href":"https:\/\/ifoffice.pt\/index.php?rest_route=%2Fwp%2Fv2%2Fproduct_tag&post=91260"}],"curies":[{"name":"wp","href":"https:\/\/api.w.org\/{rel}","templated":true}]}}