{"id":91252,"date":"2021-01-22T22:09:43","date_gmt":"2021-01-22T22:09:43","guid":{"rendered":"https:\/\/ifoffice.pt\/produto\/import-placeholder-for-51900\/"},"modified":"2026-02-23T13:24:20","modified_gmt":"2026-02-23T13:24:20","slug":"esferografica-bic-quatro-cores-pastel-edicao-limitada","status":"publish","type":"product","link":"https:\/\/ifoffice.pt\/?product=esferografica-bic-quatro-cores-pastel-edicao-limitada","title":{"rendered":"Esferografica bic quatro cores pastel edicao limitada"},"content":{"rendered":"<p>Esferogr\u00e1fica retr\u00e1til 4 em 1. Com 4 cores fantasia: azul c\u00e9u, verde ma\u00e7a, rosa e roxo. Permite corrigir, marcar ou diferenciar um texto com apenas o pulsar da cor da tinta eleita. Sistema para correia. Corpo e clip de pl\u00e1stico. Ponta m\u00e9dia 1 mm. Tra\u00e7o: 0,4 mm.<\/p>\n","protected":false},"excerpt":{"rendered":"<p>Esferografica bic quatro cores pastel edicao limitada<\/p>\n","protected":false},"featured_media":122641,"comment_status":"closed","ping_status":"closed","template":"","meta":{"neve_meta_sidebar":"","neve_meta_container":"","neve_meta_enable_content_width":"","neve_meta_content_width":0,"neve_meta_title_alignment":"","neve_meta_author_avatar":"","neve_post_elements_order":"","neve_meta_disable_header":"","neve_meta_disable_footer":"","neve_meta_disable_title":""},"product_brand":[],"product_cat":[1761],"product_tag":[815],"class_list":{"0":"post-91252","1":"product","2":"type-product","3":"status-publish","4":"has-post-thumbnail","6":"product_cat-esferograficas","7":"product_tag-retratil","9":"first","10":"instock","11":"taxable","12":"shipping-taxable","13":"purchasable","14":"product-type-simple"},"_links":{"self":[{"href":"https:\/\/ifoffice.pt\/index.php?rest_route=\/wp\/v2\/product\/91252","targetHints":{"allow":["GET"]}}],"collection":[{"href":"https:\/\/ifoffice.pt\/index.php?rest_route=\/wp\/v2\/product"}],"about":[{"href":"https:\/\/ifoffice.pt\/index.php?rest_route=\/wp\/v2\/types\/product"}],"replies":[{"embeddable":true,"href":"https:\/\/ifoffice.pt\/index.php?rest_route=%2Fwp%2Fv2%2Fcomments&post=91252"}],"wp:featuredmedia":[{"embeddable":true,"href":"https:\/\/ifoffice.pt\/index.php?rest_route=\/wp\/v2\/media\/122641"}],"wp:attachment":[{"href":"https:\/\/ifoffice.pt\/index.php?rest_route=%2Fwp%2Fv2%2Fmedia&parent=91252"}],"wp:term":[{"taxonomy":"product_brand","embeddable":true,"href":"https:\/\/ifoffice.pt\/index.php?rest_route=%2Fwp%2Fv2%2Fproduct_brand&post=91252"},{"taxonomy":"product_cat","embeddable":true,"href":"https:\/\/ifoffice.pt\/index.php?rest_route=%2Fwp%2Fv2%2Fproduct_cat&post=91252"},{"taxonomy":"product_tag","embeddable":true,"href":"https:\/\/ifoffice.pt\/index.php?rest_route=%2Fwp%2Fv2%2Fproduct_tag&post=91252"}],"curies":[{"name":"wp","href":"https:\/\/api.w.org\/{rel}","templated":true}]}}