{"id":91037,"date":"2021-01-22T22:08:05","date_gmt":"2021-01-22T22:08:05","guid":{"rendered":"https:\/\/ifoffice.pt\/produto\/import-placeholder-for-52375\/"},"modified":"2026-02-23T13:24:04","modified_gmt":"2026-02-23T13:24:04","slug":"furador-petrus-62-wow-azul-metalizado-capacidade-30-folhas","status":"publish","type":"product","link":"https:\/\/ifoffice.pt\/?product=furador-petrus-62-wow-azul-metalizado-capacidade-30-folhas","title":{"rendered":"Furador petrus 62 wow azul metalizado capacidade 30 folhas"},"content":{"rendered":"<p>Furador met\u00e1lico, com base antideslizante de pl\u00e1stico. Zona de agarre patenteada. Pun\u00e7\u00f5es mais afiados que permitem perfurar com menos esfor\u00e7o. R\u00e9gua top para alinhar o papel, com formatos impressos e janela para melhor visibilidade e fixa\u00e7\u00e3o. Dist\u00e2ncia entre pun\u00e7\u00f5es: 8 cm. Capacidade de perfura\u00e7\u00e3o: 3mm\/30 folhas. Medidas da base: 120 x 110 mm. O\u00a0furador.<\/p>\n","protected":false},"excerpt":{"rendered":"<p>Furador petrus 62 wow azul metalizado capacidade 30 folhas<\/p>\n","protected":false},"featured_media":122546,"comment_status":"closed","ping_status":"closed","template":"","meta":{"neve_meta_sidebar":"","neve_meta_container":"","neve_meta_enable_content_width":"off","neve_meta_content_width":0,"neve_meta_title_alignment":"","neve_meta_author_avatar":"","neve_post_elements_order":"","neve_meta_disable_header":"","neve_meta_disable_footer":"","neve_meta_disable_title":""},"product_brand":[],"product_cat":[1810],"product_tag":[2847],"class_list":{"0":"post-91037","1":"product","2":"type-product","3":"status-publish","4":"has-post-thumbnail","6":"product_cat-furadores-de-secretaria","7":"product_tag-furadores-de-secretaria-2","9":"first","10":"instock","11":"taxable","12":"shipping-taxable","13":"purchasable","14":"product-type-simple"},"_links":{"self":[{"href":"https:\/\/ifoffice.pt\/index.php?rest_route=\/wp\/v2\/product\/91037","targetHints":{"allow":["GET"]}}],"collection":[{"href":"https:\/\/ifoffice.pt\/index.php?rest_route=\/wp\/v2\/product"}],"about":[{"href":"https:\/\/ifoffice.pt\/index.php?rest_route=\/wp\/v2\/types\/product"}],"replies":[{"embeddable":true,"href":"https:\/\/ifoffice.pt\/index.php?rest_route=%2Fwp%2Fv2%2Fcomments&post=91037"}],"wp:featuredmedia":[{"embeddable":true,"href":"https:\/\/ifoffice.pt\/index.php?rest_route=\/wp\/v2\/media\/122546"}],"wp:attachment":[{"href":"https:\/\/ifoffice.pt\/index.php?rest_route=%2Fwp%2Fv2%2Fmedia&parent=91037"}],"wp:term":[{"taxonomy":"product_brand","embeddable":true,"href":"https:\/\/ifoffice.pt\/index.php?rest_route=%2Fwp%2Fv2%2Fproduct_brand&post=91037"},{"taxonomy":"product_cat","embeddable":true,"href":"https:\/\/ifoffice.pt\/index.php?rest_route=%2Fwp%2Fv2%2Fproduct_cat&post=91037"},{"taxonomy":"product_tag","embeddable":true,"href":"https:\/\/ifoffice.pt\/index.php?rest_route=%2Fwp%2Fv2%2Fproduct_tag&post=91037"}],"curies":[{"name":"wp","href":"https:\/\/api.w.org\/{rel}","templated":true}]}}