{"id":90926,"date":"2021-01-22T22:07:14","date_gmt":"2021-01-22T22:07:14","guid":{"rendered":"https:\/\/ifoffice.pt\/produto\/import-placeholder-for-52773\/"},"modified":"2025-03-12T11:48:42","modified_gmt":"2025-03-12T11:48:42","slug":"conjunto-de-secretaria-em-polipele-com-4-pecas","status":"publish","type":"product","link":"https:\/\/ifoffice.pt\/produto\/conjunto-de-secretaria-em-polipele-com-4-pecas\/","title":{"rendered":"Conjunto de secretaria em polipele com 4 pecas"},"content":{"rendered":"<p>Conjunto fabricado em imita\u00e7\u00e3o de pele. Cont\u00e9m 4 pe\u00e7as: base, porta notas, porta l\u00e1pis e tapete para rato. Cor castanho. Medidas da base: 350 x 500 mm.  O conjunto.<\/p>\n","protected":false},"excerpt":{"rendered":"<p>Conjunto de secretaria em polipele com 4 pecas<\/p>\n","protected":false},"featured_media":122497,"comment_status":"closed","ping_status":"closed","template":"","meta":{"neve_meta_sidebar":"","neve_meta_container":"","neve_meta_enable_content_width":"","neve_meta_content_width":0,"neve_meta_title_alignment":"","neve_meta_author_avatar":"","neve_post_elements_order":"","neve_meta_disable_header":"","neve_meta_disable_footer":"","neve_meta_disable_title":""},"product_brand":[],"product_cat":[1912],"product_tag":[2393],"class_list":{"0":"post-90926","1":"product","2":"type-product","3":"status-publish","4":"has-post-thumbnail","6":"product_cat-conjuntos-de-secretaria","7":"product_tag-imitacao-pele","9":"first","10":"outofstock","11":"sale","12":"taxable","13":"shipping-taxable","14":"purchasable","15":"product-type-simple"},"_links":{"self":[{"href":"https:\/\/ifoffice.pt\/wp-json\/wp\/v2\/product\/90926","targetHints":{"allow":["GET"]}}],"collection":[{"href":"https:\/\/ifoffice.pt\/wp-json\/wp\/v2\/product"}],"about":[{"href":"https:\/\/ifoffice.pt\/wp-json\/wp\/v2\/types\/product"}],"replies":[{"embeddable":true,"href":"https:\/\/ifoffice.pt\/wp-json\/wp\/v2\/comments?post=90926"}],"wp:featuredmedia":[{"embeddable":true,"href":"https:\/\/ifoffice.pt\/wp-json\/wp\/v2\/media\/122497"}],"wp:attachment":[{"href":"https:\/\/ifoffice.pt\/wp-json\/wp\/v2\/media?parent=90926"}],"wp:term":[{"taxonomy":"product_brand","embeddable":true,"href":"https:\/\/ifoffice.pt\/wp-json\/wp\/v2\/product_brand?post=90926"},{"taxonomy":"product_cat","embeddable":true,"href":"https:\/\/ifoffice.pt\/wp-json\/wp\/v2\/product_cat?post=90926"},{"taxonomy":"product_tag","embeddable":true,"href":"https:\/\/ifoffice.pt\/wp-json\/wp\/v2\/product_tag?post=90926"}],"curies":[{"name":"wp","href":"https:\/\/api.w.org\/{rel}","templated":true}]}}