{"id":90884,"date":"2021-01-22T22:06:52","date_gmt":"2021-01-22T22:06:52","guid":{"rendered":"https:\/\/ifoffice.pt\/produto\/import-placeholder-for-52833\/"},"modified":"2026-02-23T13:23:51","modified_gmt":"2026-02-23T13:23:51","slug":"apara-lapis-mr-secretaria-manual-cor-vermelho","status":"publish","type":"product","link":"https:\/\/ifoffice.pt\/?product=apara-lapis-mr-secretaria-manual-cor-vermelho","title":{"rendered":"Apara lapis m+r secretaria manual cor vermelho"},"content":{"rendered":"<p>Apara l\u00e1pis de secret\u00e1ria, manual, com manivela. Bra\u00e7adeira que evita a rutura. Fun\u00e7\u00e3o de paragem autom\u00e1tica. Seleciona o di\u00e2metro da ponta automaticamente. Medidas, 95 x 71 x 110 mm.<\/p>\n","protected":false},"excerpt":{"rendered":"<p>Apara lapis m+r secretaria manual cor vermelho<\/p>\n","protected":false},"featured_media":122485,"comment_status":"closed","ping_status":"closed","template":"","meta":{"neve_meta_sidebar":"","neve_meta_container":"","neve_meta_enable_content_width":"off","neve_meta_content_width":0,"neve_meta_title_alignment":"","neve_meta_author_avatar":"","neve_post_elements_order":"","neve_meta_disable_header":"","neve_meta_disable_footer":"","neve_meta_disable_title":""},"product_brand":[],"product_cat":[1858],"product_tag":[1381],"class_list":{"0":"post-90884","1":"product","2":"type-product","3":"status-publish","4":"has-post-thumbnail","6":"product_cat-apara-lapis","7":"product_tag-1-uso","9":"first","10":"instock","11":"taxable","12":"shipping-taxable","13":"purchasable","14":"product-type-simple"},"_links":{"self":[{"href":"https:\/\/ifoffice.pt\/index.php?rest_route=\/wp\/v2\/product\/90884","targetHints":{"allow":["GET"]}}],"collection":[{"href":"https:\/\/ifoffice.pt\/index.php?rest_route=\/wp\/v2\/product"}],"about":[{"href":"https:\/\/ifoffice.pt\/index.php?rest_route=\/wp\/v2\/types\/product"}],"replies":[{"embeddable":true,"href":"https:\/\/ifoffice.pt\/index.php?rest_route=%2Fwp%2Fv2%2Fcomments&post=90884"}],"wp:featuredmedia":[{"embeddable":true,"href":"https:\/\/ifoffice.pt\/index.php?rest_route=\/wp\/v2\/media\/122485"}],"wp:attachment":[{"href":"https:\/\/ifoffice.pt\/index.php?rest_route=%2Fwp%2Fv2%2Fmedia&parent=90884"}],"wp:term":[{"taxonomy":"product_brand","embeddable":true,"href":"https:\/\/ifoffice.pt\/index.php?rest_route=%2Fwp%2Fv2%2Fproduct_brand&post=90884"},{"taxonomy":"product_cat","embeddable":true,"href":"https:\/\/ifoffice.pt\/index.php?rest_route=%2Fwp%2Fv2%2Fproduct_cat&post=90884"},{"taxonomy":"product_tag","embeddable":true,"href":"https:\/\/ifoffice.pt\/index.php?rest_route=%2Fwp%2Fv2%2Fproduct_tag&post=90884"}],"curies":[{"name":"wp","href":"https:\/\/api.w.org\/{rel}","templated":true}]}}