{"id":90872,"date":"2021-01-22T22:06:50","date_gmt":"2021-01-22T22:06:50","guid":{"rendered":"https:\/\/ifoffice.pt\/produto\/import-placeholder-for-52912\/"},"modified":"2026-02-23T13:23:49","modified_gmt":"2026-02-23T13:23:49","slug":"apoio-lombar-fellowes-profissional-ergonomico-ajustavel-verticalmente","status":"publish","type":"product","link":"https:\/\/ifoffice.pt\/?product=apoio-lombar-fellowes-profissional-ergonomico-ajustavel-verticalmente","title":{"rendered":"Apoio lombar fellowes profissional ergonomico ajustavel verticalmente"},"content":{"rendered":"<p>Reduz a tens\u00e3o nas costas, mantendo a posi\u00e7\u00e3o adequada quando se est\u00e1 sentado. Molda-se aos contornos do corpo, proporcionando o m\u00e1ximo apoio. Material de malha que permite a circula\u00e7\u00e3o do ar para maior comodidade pessoal. Sistema tensor que permite o ajustar das costas a qualquer cadeira. Incorpora almofada lombar de espuma ajust\u00e1vel verticalmente para poder colocar \u00e0 medida de cada usu\u00e1rio. Medidas: 440x 200 x 520 mm.<\/p>\n","protected":false},"excerpt":{"rendered":"<p>Apoio lombar fellowes profissional ergonomico ajustavel verticalmente<\/p>\n","protected":false},"featured_media":122476,"comment_status":"closed","ping_status":"closed","template":"","meta":{"neve_meta_sidebar":"","neve_meta_container":"","neve_meta_enable_content_width":"off","neve_meta_content_width":0,"neve_meta_title_alignment":"","neve_meta_author_avatar":"","neve_post_elements_order":"","neve_meta_disable_header":"","neve_meta_disable_footer":"","neve_meta_disable_title":""},"product_brand":[],"product_cat":[1808],"product_tag":[1473],"class_list":{"0":"post-90872","1":"product","2":"type-product","3":"status-publish","4":"has-post-thumbnail","6":"product_cat-ergonomia","7":"product_tag-almofadas-lombares","9":"first","10":"instock","11":"taxable","12":"shipping-taxable","13":"purchasable","14":"product-type-simple"},"_links":{"self":[{"href":"https:\/\/ifoffice.pt\/index.php?rest_route=\/wp\/v2\/product\/90872","targetHints":{"allow":["GET"]}}],"collection":[{"href":"https:\/\/ifoffice.pt\/index.php?rest_route=\/wp\/v2\/product"}],"about":[{"href":"https:\/\/ifoffice.pt\/index.php?rest_route=\/wp\/v2\/types\/product"}],"replies":[{"embeddable":true,"href":"https:\/\/ifoffice.pt\/index.php?rest_route=%2Fwp%2Fv2%2Fcomments&post=90872"}],"wp:featuredmedia":[{"embeddable":true,"href":"https:\/\/ifoffice.pt\/index.php?rest_route=\/wp\/v2\/media\/122476"}],"wp:attachment":[{"href":"https:\/\/ifoffice.pt\/index.php?rest_route=%2Fwp%2Fv2%2Fmedia&parent=90872"}],"wp:term":[{"taxonomy":"product_brand","embeddable":true,"href":"https:\/\/ifoffice.pt\/index.php?rest_route=%2Fwp%2Fv2%2Fproduct_brand&post=90872"},{"taxonomy":"product_cat","embeddable":true,"href":"https:\/\/ifoffice.pt\/index.php?rest_route=%2Fwp%2Fv2%2Fproduct_cat&post=90872"},{"taxonomy":"product_tag","embeddable":true,"href":"https:\/\/ifoffice.pt\/index.php?rest_route=%2Fwp%2Fv2%2Fproduct_tag&post=90872"}],"curies":[{"name":"wp","href":"https:\/\/api.w.org\/{rel}","templated":true}]}}