{"id":90862,"date":"2021-01-22T22:06:48","date_gmt":"2021-01-22T22:06:48","guid":{"rendered":"https:\/\/ifoffice.pt\/produto\/import-placeholder-for-52974\/"},"modified":"2026-02-23T14:51:10","modified_gmt":"2026-02-23T14:51:10","slug":"marcador-pentel-tradio-stylo-trj50-preto","status":"publish","type":"product","link":"https:\/\/ifoffice.pt\/?product=marcador-pentel-tradio-stylo-trj50-preto","title":{"rendered":"Marcador pentel tradio stylo trj50 preto"},"content":{"rendered":"<p>Extremamente elegante com corpo em pl\u00e1stico flex\u00edvel. Utiliza o inovador sistema Pentel, de tinta capilar que torna a escrita ultra suave at\u00e9 \u00e0 ultima gota. Possu\u00ed uma ponta fina, mas que permite criar uma variedade de larguras de linha, de grosso para fino, dependendo do \u00e2ngulo e press\u00e3o. \u00d3timo para tomar notas ou escrever cartas. Dist\u00e2ncia de escrita 1,200 metros.<\/p>\n","protected":false},"excerpt":{"rendered":"<p>PACK DE 12 UNIDADES<\/p>\n","protected":false},"featured_media":122466,"comment_status":"closed","ping_status":"closed","template":"","meta":{"neve_meta_sidebar":"","neve_meta_container":"","neve_meta_enable_content_width":"off","neve_meta_content_width":0,"neve_meta_title_alignment":"","neve_meta_author_avatar":"","neve_post_elements_order":"","neve_meta_disable_header":"","neve_meta_disable_footer":"","neve_meta_disable_title":""},"product_brand":[],"product_cat":[1751],"product_tag":[964],"class_list":{"0":"post-90862","1":"product","2":"type-product","3":"status-publish","4":"has-post-thumbnail","6":"product_cat-marcadores-de-feltro","7":"product_tag-preto","9":"first","10":"instock","11":"taxable","12":"shipping-taxable","13":"purchasable","14":"product-type-simple"},"_links":{"self":[{"href":"https:\/\/ifoffice.pt\/index.php?rest_route=\/wp\/v2\/product\/90862","targetHints":{"allow":["GET"]}}],"collection":[{"href":"https:\/\/ifoffice.pt\/index.php?rest_route=\/wp\/v2\/product"}],"about":[{"href":"https:\/\/ifoffice.pt\/index.php?rest_route=\/wp\/v2\/types\/product"}],"replies":[{"embeddable":true,"href":"https:\/\/ifoffice.pt\/index.php?rest_route=%2Fwp%2Fv2%2Fcomments&post=90862"}],"wp:featuredmedia":[{"embeddable":true,"href":"https:\/\/ifoffice.pt\/index.php?rest_route=\/wp\/v2\/media\/122466"}],"wp:attachment":[{"href":"https:\/\/ifoffice.pt\/index.php?rest_route=%2Fwp%2Fv2%2Fmedia&parent=90862"}],"wp:term":[{"taxonomy":"product_brand","embeddable":true,"href":"https:\/\/ifoffice.pt\/index.php?rest_route=%2Fwp%2Fv2%2Fproduct_brand&post=90862"},{"taxonomy":"product_cat","embeddable":true,"href":"https:\/\/ifoffice.pt\/index.php?rest_route=%2Fwp%2Fv2%2Fproduct_cat&post=90862"},{"taxonomy":"product_tag","embeddable":true,"href":"https:\/\/ifoffice.pt\/index.php?rest_route=%2Fwp%2Fv2%2Fproduct_tag&post=90862"}],"curies":[{"name":"wp","href":"https:\/\/api.w.org\/{rel}","templated":true}]}}