{"id":90609,"date":"2021-01-22T22:04:45","date_gmt":"2021-01-22T22:04:45","guid":{"rendered":"https:\/\/ifoffice.pt\/produto\/import-placeholder-for-54440\/"},"modified":"2025-03-12T11:48:02","modified_gmt":"2025-03-12T11:48:02","slug":"calculadora-citizen-de-secretaria-sdc-554-s-secretaria-14-digitos","status":"publish","type":"product","link":"https:\/\/ifoffice.pt\/?product=calculadora-citizen-de-secretaria-sdc-554-s-secretaria-14-digitos","title":{"rendered":"Calculadora de secret\u00e1ria Citizen SDC-554-s"},"content":{"rendered":"<div>Calculadora de secret\u00e1ria de 14 d\u00edgitos. C\u00e1lculo de percentagem. Tecla de<\/div>\n<div>raiz quadrada. Tecla +\/-. Soma e subtra\u00e7\u00e3o de mem\u00f3ria. Ecoeficiente: solar e<\/div>\n<div>a pilhas. Tecla de margem de benef\u00edcio. Tecla de c\u00e1lculo de impostos. Tecla<\/div>\n<div>de arredondamento decimal. Tecla de posi\u00e7\u00e3o decimal. Tecla de duplo zero.<\/div>\n<div>Tecla de corre\u00e7\u00e3o de entrada. Desliga automaticamente.<\/div>\n<div>Medidas: 199 x 153 x 31 mm. Peso: 209 g<\/div>\n","protected":false},"excerpt":{"rendered":"<p>Calculadora citizen de secretaria sdc-554-s secretaria 14 digitos<\/p>\n","protected":false},"featured_media":90639,"comment_status":"closed","ping_status":"closed","template":"","meta":{"neve_meta_sidebar":"","neve_meta_container":"","neve_meta_enable_content_width":"off","neve_meta_content_width":0,"neve_meta_title_alignment":"","neve_meta_author_avatar":"","neve_post_elements_order":"","neve_meta_disable_header":"","neve_meta_disable_footer":"","neve_meta_disable_title":""},"product_brand":[],"product_cat":[1883],"product_tag":[950],"class_list":{"0":"post-90609","1":"product","2":"type-product","3":"status-publish","4":"has-post-thumbnail","6":"product_cat-calculadoras-de-secretaria","7":"product_tag-secretaria","9":"first","10":"outofstock","11":"taxable","12":"shipping-taxable","13":"purchasable","14":"product-type-simple"},"_links":{"self":[{"href":"https:\/\/ifoffice.pt\/index.php?rest_route=\/wp\/v2\/product\/90609","targetHints":{"allow":["GET"]}}],"collection":[{"href":"https:\/\/ifoffice.pt\/index.php?rest_route=\/wp\/v2\/product"}],"about":[{"href":"https:\/\/ifoffice.pt\/index.php?rest_route=\/wp\/v2\/types\/product"}],"replies":[{"embeddable":true,"href":"https:\/\/ifoffice.pt\/index.php?rest_route=%2Fwp%2Fv2%2Fcomments&post=90609"}],"wp:featuredmedia":[{"embeddable":true,"href":"https:\/\/ifoffice.pt\/index.php?rest_route=\/wp\/v2\/media\/90639"}],"wp:attachment":[{"href":"https:\/\/ifoffice.pt\/index.php?rest_route=%2Fwp%2Fv2%2Fmedia&parent=90609"}],"wp:term":[{"taxonomy":"product_brand","embeddable":true,"href":"https:\/\/ifoffice.pt\/index.php?rest_route=%2Fwp%2Fv2%2Fproduct_brand&post=90609"},{"taxonomy":"product_cat","embeddable":true,"href":"https:\/\/ifoffice.pt\/index.php?rest_route=%2Fwp%2Fv2%2Fproduct_cat&post=90609"},{"taxonomy":"product_tag","embeddable":true,"href":"https:\/\/ifoffice.pt\/index.php?rest_route=%2Fwp%2Fv2%2Fproduct_tag&post=90609"}],"curies":[{"name":"wp","href":"https:\/\/api.w.org\/{rel}","templated":true}]}}