{"id":90607,"date":"2021-01-22T22:04:45","date_gmt":"2021-01-22T22:04:45","guid":{"rendered":"https:\/\/ifoffice.pt\/produto\/import-placeholder-for-54442\/"},"modified":"2025-03-12T11:48:02","modified_gmt":"2025-03-12T11:48:02","slug":"calculadora-citizen-de-bolso-sld-200-n-8-digitos","status":"publish","type":"product","link":"https:\/\/ifoffice.pt\/?product=calculadora-citizen-de-bolso-sld-200-n-8-digitos","title":{"rendered":"Calculadora de bolso Citizen SLD-200NR"},"content":{"rendered":"<p>Calculadora de bolso de 8 d\u00edgitos. Tecla %. Tecla +\/-. Soma e subtra\u00e7\u00e3o de memoria. Raiz quadrada. Solar e a pilhas. Desligar autom\u00e1tico. Medidas: 98 x 60 x 10 mm. Peso: 34 g.<\/p>\n","protected":false},"excerpt":{"rendered":"<p>Calculadora citizen de bolso sld-200-n 8 digitos<\/p>\n","protected":false},"featured_media":90637,"comment_status":"closed","ping_status":"closed","template":"","meta":{"neve_meta_sidebar":"","neve_meta_container":"","neve_meta_enable_content_width":"off","neve_meta_content_width":0,"neve_meta_title_alignment":"","neve_meta_author_avatar":"","neve_post_elements_order":"","neve_meta_disable_header":"","neve_meta_disable_footer":"","neve_meta_disable_title":""},"product_brand":[],"product_cat":[1928],"product_tag":[1404],"class_list":{"0":"post-90607","1":"product","2":"type-product","3":"status-publish","4":"has-post-thumbnail","6":"product_cat-calculadoras-de-bolso","7":"product_tag-bolso","9":"first","10":"outofstock","11":"taxable","12":"shipping-taxable","13":"purchasable","14":"product-type-simple"},"_links":{"self":[{"href":"https:\/\/ifoffice.pt\/index.php?rest_route=\/wp\/v2\/product\/90607","targetHints":{"allow":["GET"]}}],"collection":[{"href":"https:\/\/ifoffice.pt\/index.php?rest_route=\/wp\/v2\/product"}],"about":[{"href":"https:\/\/ifoffice.pt\/index.php?rest_route=\/wp\/v2\/types\/product"}],"replies":[{"embeddable":true,"href":"https:\/\/ifoffice.pt\/index.php?rest_route=%2Fwp%2Fv2%2Fcomments&post=90607"}],"wp:featuredmedia":[{"embeddable":true,"href":"https:\/\/ifoffice.pt\/index.php?rest_route=\/wp\/v2\/media\/90637"}],"wp:attachment":[{"href":"https:\/\/ifoffice.pt\/index.php?rest_route=%2Fwp%2Fv2%2Fmedia&parent=90607"}],"wp:term":[{"taxonomy":"product_brand","embeddable":true,"href":"https:\/\/ifoffice.pt\/index.php?rest_route=%2Fwp%2Fv2%2Fproduct_brand&post=90607"},{"taxonomy":"product_cat","embeddable":true,"href":"https:\/\/ifoffice.pt\/index.php?rest_route=%2Fwp%2Fv2%2Fproduct_cat&post=90607"},{"taxonomy":"product_tag","embeddable":true,"href":"https:\/\/ifoffice.pt\/index.php?rest_route=%2Fwp%2Fv2%2Fproduct_tag&post=90607"}],"curies":[{"name":"wp","href":"https:\/\/api.w.org\/{rel}","templated":true}]}}