{"id":90476,"date":"2021-01-22T22:02:15","date_gmt":"2021-01-22T22:02:15","guid":{"rendered":"https:\/\/ifoffice.pt\/produto\/import-placeholder-for-54635\/"},"modified":"2026-04-21T08:59:28","modified_gmt":"2026-04-21T08:59:28","slug":"pen-drive-usb-q-connect-flash-4gb","status":"publish","type":"product","link":"https:\/\/ifoffice.pt\/?product=pen-drive-usb-q-connect-flash-4gb","title":{"rendered":"Pen Drive USB 2.0 Q-Connect Flash"},"content":{"rendered":"<p>As mem\u00f3rias USB Q-Connect oferecem um excelente funcionamento e um pr\u00e1tico formato. Velocidade de leitura at\u00e9 15 MB\/s. Velocidade de escrita at\u00e9 5 MB\/s. Cor preto, com protetor girat\u00f3rio met\u00e1lico. Orif\u00edcio para colocar um cord\u00e3o. Medidas: 55 x 18 x 8,9 mm.<\/p>\n","protected":false},"excerpt":{"rendered":"<p>Pen drive usb q-connect flash 4gb<\/p>\n","protected":false},"featured_media":122344,"comment_status":"closed","ping_status":"closed","template":"","meta":{"neve_meta_sidebar":"","neve_meta_container":"","neve_meta_enable_content_width":"off","neve_meta_content_width":70,"neve_meta_title_alignment":"","neve_meta_author_avatar":"","neve_post_elements_order":"","neve_meta_disable_header":"","neve_meta_disable_footer":"","neve_meta_disable_title":""},"product_brand":[],"product_cat":[2831],"product_tag":[931],"class_list":{"0":"post-90476","1":"product","2":"type-product","3":"status-publish","4":"has-post-thumbnail","6":"product_cat-memorias-usbsddiscos-duros","7":"product_tag-memorias-usb","9":"first","10":"instock","11":"taxable","12":"shipping-taxable","13":"purchasable","14":"product-type-variable","15":"has-default-attributes"},"_links":{"self":[{"href":"https:\/\/ifoffice.pt\/index.php?rest_route=\/wp\/v2\/product\/90476","targetHints":{"allow":["GET"]}}],"collection":[{"href":"https:\/\/ifoffice.pt\/index.php?rest_route=\/wp\/v2\/product"}],"about":[{"href":"https:\/\/ifoffice.pt\/index.php?rest_route=\/wp\/v2\/types\/product"}],"replies":[{"embeddable":true,"href":"https:\/\/ifoffice.pt\/index.php?rest_route=%2Fwp%2Fv2%2Fcomments&post=90476"}],"wp:featuredmedia":[{"embeddable":true,"href":"https:\/\/ifoffice.pt\/index.php?rest_route=\/wp\/v2\/media\/122344"}],"wp:attachment":[{"href":"https:\/\/ifoffice.pt\/index.php?rest_route=%2Fwp%2Fv2%2Fmedia&parent=90476"}],"wp:term":[{"taxonomy":"product_brand","embeddable":true,"href":"https:\/\/ifoffice.pt\/index.php?rest_route=%2Fwp%2Fv2%2Fproduct_brand&post=90476"},{"taxonomy":"product_cat","embeddable":true,"href":"https:\/\/ifoffice.pt\/index.php?rest_route=%2Fwp%2Fv2%2Fproduct_cat&post=90476"},{"taxonomy":"product_tag","embeddable":true,"href":"https:\/\/ifoffice.pt\/index.php?rest_route=%2Fwp%2Fv2%2Fproduct_tag&post=90476"}],"curies":[{"name":"wp","href":"https:\/\/api.w.org\/{rel}","templated":true}]}}