{"id":90462,"date":"2021-01-22T22:02:12","date_gmt":"2021-01-22T22:02:12","guid":{"rendered":"https:\/\/ifoffice.pt\/produto\/import-placeholder-for-54659\/"},"modified":"2026-02-23T13:23:21","modified_gmt":"2026-02-23T13:23:21","slug":"pasta-para-modelar-staedtler-fimo-soft-56-gr-cor-violeta-escuro","status":"publish","type":"product","link":"https:\/\/ifoffice.pt\/?product=pasta-para-modelar-staedtler-fimo-soft-56-gr-cor-violeta-escuro","title":{"rendered":"Pasta para modelar staedtler fimo soft 56 gr cor violeta escuro"},"content":{"rendered":"<p>Pasta de modelar suave muito f\u00e1cil de misturar: Divers\u00e3o para toda a fam\u00edlia.  Cores brilhantes. Pronta para usar. Pastilha standard dividida em 8 segmentos para fracionar com facilidade. 57 g.  Medidas: 55 x 55 x 15 mm. Dispon\u00edvel em 24 cores.<\/p>\n","protected":false},"excerpt":{"rendered":"<p>Pasta para modelar staedtler fimo soft 56 gr cor violeta escuro<\/p>\n","protected":false},"featured_media":122330,"comment_status":"closed","ping_status":"closed","template":"","meta":{"neve_meta_sidebar":"","neve_meta_container":"","neve_meta_enable_content_width":"off","neve_meta_content_width":0,"neve_meta_title_alignment":"","neve_meta_author_avatar":"","neve_post_elements_order":"","neve_meta_disable_header":"","neve_meta_disable_footer":"","neve_meta_disable_title":""},"product_brand":[],"product_cat":[2814],"product_tag":[919],"class_list":{"0":"post-90462","1":"product","2":"type-product","3":"status-publish","4":"has-post-thumbnail","6":"product_cat-plasticinas-argila-pasta-model","7":"product_tag-pasta-de-modelar","9":"first","10":"instock","11":"taxable","12":"shipping-taxable","13":"purchasable","14":"product-type-simple"},"_links":{"self":[{"href":"https:\/\/ifoffice.pt\/index.php?rest_route=\/wp\/v2\/product\/90462","targetHints":{"allow":["GET"]}}],"collection":[{"href":"https:\/\/ifoffice.pt\/index.php?rest_route=\/wp\/v2\/product"}],"about":[{"href":"https:\/\/ifoffice.pt\/index.php?rest_route=\/wp\/v2\/types\/product"}],"replies":[{"embeddable":true,"href":"https:\/\/ifoffice.pt\/index.php?rest_route=%2Fwp%2Fv2%2Fcomments&post=90462"}],"wp:featuredmedia":[{"embeddable":true,"href":"https:\/\/ifoffice.pt\/index.php?rest_route=\/wp\/v2\/media\/122330"}],"wp:attachment":[{"href":"https:\/\/ifoffice.pt\/index.php?rest_route=%2Fwp%2Fv2%2Fmedia&parent=90462"}],"wp:term":[{"taxonomy":"product_brand","embeddable":true,"href":"https:\/\/ifoffice.pt\/index.php?rest_route=%2Fwp%2Fv2%2Fproduct_brand&post=90462"},{"taxonomy":"product_cat","embeddable":true,"href":"https:\/\/ifoffice.pt\/index.php?rest_route=%2Fwp%2Fv2%2Fproduct_cat&post=90462"},{"taxonomy":"product_tag","embeddable":true,"href":"https:\/\/ifoffice.pt\/index.php?rest_route=%2Fwp%2Fv2%2Fproduct_tag&post=90462"}],"curies":[{"name":"wp","href":"https:\/\/api.w.org\/{rel}","templated":true}]}}