{"id":90411,"date":"2021-01-22T22:01:49","date_gmt":"2021-01-22T22:01:49","guid":{"rendered":"https:\/\/ifoffice.pt\/produto\/import-placeholder-for-54704\/"},"modified":"2026-02-23T13:23:17","modified_gmt":"2026-02-23T13:23:17","slug":"baloes-com-forma-coracao-bolsas-de-5-unidades","status":"publish","type":"product","link":"https:\/\/ifoffice.pt\/?product=baloes-com-forma-coracao-bolsas-de-5-unidades","title":{"rendered":"Baloes com forma coracao bolsas de 5 unidades"},"content":{"rendered":"<p>Bal\u00f5es em forma de cora\u00e7\u00e3o em cores  pastel. Bolsa de 5 unidades.<\/p>\n","protected":false},"excerpt":{"rendered":"<p>Baloes com forma coracao bolsas de 5 unidades<\/p>\n","protected":false},"featured_media":122309,"comment_status":"closed","ping_status":"closed","template":"","meta":{"neve_meta_sidebar":"","neve_meta_container":"","neve_meta_enable_content_width":"off","neve_meta_content_width":0,"neve_meta_title_alignment":"","neve_meta_author_avatar":"","neve_post_elements_order":"","neve_meta_disable_header":"","neve_meta_disable_footer":"","neve_meta_disable_title":""},"product_brand":[],"product_cat":[2836],"product_tag":[2880],"class_list":{"0":"post-90411","1":"product","2":"type-product","3":"status-publish","4":"has-post-thumbnail","6":"product_cat-baloes","7":"product_tag-escolar2023","9":"first","10":"instock","11":"sale","12":"taxable","13":"shipping-taxable","14":"purchasable","15":"product-type-simple"},"_links":{"self":[{"href":"https:\/\/ifoffice.pt\/index.php?rest_route=\/wp\/v2\/product\/90411","targetHints":{"allow":["GET"]}}],"collection":[{"href":"https:\/\/ifoffice.pt\/index.php?rest_route=\/wp\/v2\/product"}],"about":[{"href":"https:\/\/ifoffice.pt\/index.php?rest_route=\/wp\/v2\/types\/product"}],"replies":[{"embeddable":true,"href":"https:\/\/ifoffice.pt\/index.php?rest_route=%2Fwp%2Fv2%2Fcomments&post=90411"}],"wp:featuredmedia":[{"embeddable":true,"href":"https:\/\/ifoffice.pt\/index.php?rest_route=\/wp\/v2\/media\/122309"}],"wp:attachment":[{"href":"https:\/\/ifoffice.pt\/index.php?rest_route=%2Fwp%2Fv2%2Fmedia&parent=90411"}],"wp:term":[{"taxonomy":"product_brand","embeddable":true,"href":"https:\/\/ifoffice.pt\/index.php?rest_route=%2Fwp%2Fv2%2Fproduct_brand&post=90411"},{"taxonomy":"product_cat","embeddable":true,"href":"https:\/\/ifoffice.pt\/index.php?rest_route=%2Fwp%2Fv2%2Fproduct_cat&post=90411"},{"taxonomy":"product_tag","embeddable":true,"href":"https:\/\/ifoffice.pt\/index.php?rest_route=%2Fwp%2Fv2%2Fproduct_tag&post=90411"}],"curies":[{"name":"wp","href":"https:\/\/api.w.org\/{rel}","templated":true}]}}