{"id":90308,"date":"2021-01-22T22:01:01","date_gmt":"2021-01-22T22:01:01","guid":{"rendered":"https:\/\/ifoffice.pt\/produto\/import-placeholder-for-54769\/"},"modified":"2026-02-23T13:23:09","modified_gmt":"2026-02-23T13:23:09","slug":"cartolina-guarro-din-a3-azul-turquesa-185-gr-pack-de-50-folhas","status":"publish","type":"product","link":"https:\/\/ifoffice.pt\/?product=cartolina-guarro-din-a3-azul-turquesa-185-gr-pack-de-50-folhas","title":{"rendered":"Cartolina guarro din a3 azul turquesa 185 gr pack de 50 folhas"},"content":{"rendered":"<p>Cartolina de cor, ligeiramente acetinada e colorida em pasta com pigmentos s\u00f3lidos  \u00e0 luz. Oferecem dureza e regularidade na sua superf\u00edcie. Para desenho e trabalhos  manuais. Pack de 50 unidades.<\/p>\n","protected":false},"excerpt":{"rendered":"<p>Cartolina guarro din a3 azul turquesa 185 gr pack de 50 folhas<\/p>\n","protected":false},"featured_media":122260,"comment_status":"closed","ping_status":"closed","template":"","meta":{"neve_meta_sidebar":"","neve_meta_container":"","neve_meta_enable_content_width":"off","neve_meta_content_width":0,"neve_meta_title_alignment":"","neve_meta_author_avatar":"","neve_post_elements_order":"","neve_meta_disable_header":"","neve_meta_disable_footer":"","neve_meta_disable_title":""},"product_brand":[],"product_cat":[1903],"product_tag":[2382],"class_list":{"0":"post-90308","1":"product","2":"type-product","3":"status-publish","4":"has-post-thumbnail","6":"product_cat-cartolinas","7":"product_tag-guarro","9":"first","10":"instock","11":"taxable","12":"shipping-taxable","13":"purchasable","14":"product-type-simple"},"_links":{"self":[{"href":"https:\/\/ifoffice.pt\/index.php?rest_route=\/wp\/v2\/product\/90308","targetHints":{"allow":["GET"]}}],"collection":[{"href":"https:\/\/ifoffice.pt\/index.php?rest_route=\/wp\/v2\/product"}],"about":[{"href":"https:\/\/ifoffice.pt\/index.php?rest_route=\/wp\/v2\/types\/product"}],"replies":[{"embeddable":true,"href":"https:\/\/ifoffice.pt\/index.php?rest_route=%2Fwp%2Fv2%2Fcomments&post=90308"}],"wp:featuredmedia":[{"embeddable":true,"href":"https:\/\/ifoffice.pt\/index.php?rest_route=\/wp\/v2\/media\/122260"}],"wp:attachment":[{"href":"https:\/\/ifoffice.pt\/index.php?rest_route=%2Fwp%2Fv2%2Fmedia&parent=90308"}],"wp:term":[{"taxonomy":"product_brand","embeddable":true,"href":"https:\/\/ifoffice.pt\/index.php?rest_route=%2Fwp%2Fv2%2Fproduct_brand&post=90308"},{"taxonomy":"product_cat","embeddable":true,"href":"https:\/\/ifoffice.pt\/index.php?rest_route=%2Fwp%2Fv2%2Fproduct_cat&post=90308"},{"taxonomy":"product_tag","embeddable":true,"href":"https:\/\/ifoffice.pt\/index.php?rest_route=%2Fwp%2Fv2%2Fproduct_tag&post=90308"}],"curies":[{"name":"wp","href":"https:\/\/api.w.org\/{rel}","templated":true}]}}