{"id":90155,"date":"2021-01-22T21:59:44","date_gmt":"2021-01-22T21:59:44","guid":{"rendered":"https:\/\/ifoffice.pt\/produto\/import-placeholder-for-54994\/"},"modified":"2026-02-23T13:22:55","modified_gmt":"2026-02-23T13:22:55","slug":"instrumentos-de-modelar-argila-sio-composto-por-8-pecas","status":"publish","type":"product","link":"https:\/\/ifoffice.pt\/?product=instrumentos-de-modelar-argila-sio-composto-por-8-pecas","title":{"rendered":"Instrumentos de modelar argila sio composto por 8 pecas"},"content":{"rendered":"<p>Set de 8 ferramentas para modelar argila. Cont\u00e9m: 1 esponja, 1 meia lua  met\u00e1lica, 1 teque grande, 1 esp\u00e1tula de madeira, 1 teque dupla face, 1  furador, 1 fio met\u00e1lico e 1 meia lua de madeira.<\/p>\n","protected":false},"excerpt":{"rendered":"<p>Instrumentos de modelar argila sio composto por 8 pecas<\/p>\n","protected":false},"featured_media":122191,"comment_status":"closed","ping_status":"closed","template":"","meta":{"neve_meta_sidebar":"","neve_meta_container":"","neve_meta_enable_content_width":"off","neve_meta_content_width":0,"neve_meta_title_alignment":"","neve_meta_author_avatar":"","neve_post_elements_order":"","neve_meta_disable_header":"","neve_meta_disable_footer":"","neve_meta_disable_title":""},"product_brand":[],"product_cat":[2814],"product_tag":[2378],"class_list":{"0":"post-90155","1":"product","2":"type-product","3":"status-publish","4":"has-post-thumbnail","6":"product_cat-plasticinas-argila-pasta-model","7":"product_tag-utensilios-trabalhos-manuais","9":"first","10":"instock","11":"taxable","12":"shipping-taxable","13":"purchasable","14":"product-type-simple"},"_links":{"self":[{"href":"https:\/\/ifoffice.pt\/index.php?rest_route=\/wp\/v2\/product\/90155","targetHints":{"allow":["GET"]}}],"collection":[{"href":"https:\/\/ifoffice.pt\/index.php?rest_route=\/wp\/v2\/product"}],"about":[{"href":"https:\/\/ifoffice.pt\/index.php?rest_route=\/wp\/v2\/types\/product"}],"replies":[{"embeddable":true,"href":"https:\/\/ifoffice.pt\/index.php?rest_route=%2Fwp%2Fv2%2Fcomments&post=90155"}],"wp:featuredmedia":[{"embeddable":true,"href":"https:\/\/ifoffice.pt\/index.php?rest_route=\/wp\/v2\/media\/122191"}],"wp:attachment":[{"href":"https:\/\/ifoffice.pt\/index.php?rest_route=%2Fwp%2Fv2%2Fmedia&parent=90155"}],"wp:term":[{"taxonomy":"product_brand","embeddable":true,"href":"https:\/\/ifoffice.pt\/index.php?rest_route=%2Fwp%2Fv2%2Fproduct_brand&post=90155"},{"taxonomy":"product_cat","embeddable":true,"href":"https:\/\/ifoffice.pt\/index.php?rest_route=%2Fwp%2Fv2%2Fproduct_cat&post=90155"},{"taxonomy":"product_tag","embeddable":true,"href":"https:\/\/ifoffice.pt\/index.php?rest_route=%2Fwp%2Fv2%2Fproduct_tag&post=90155"}],"curies":[{"name":"wp","href":"https:\/\/api.w.org\/{rel}","templated":true}]}}