{"id":90153,"date":"2021-01-22T21:59:43","date_gmt":"2021-01-22T21:59:43","guid":{"rendered":"https:\/\/ifoffice.pt\/produto\/import-placeholder-for-54999\/"},"modified":"2026-02-23T13:22:55","modified_gmt":"2026-02-23T13:22:55","slug":"papel-fotocopia-navigator-din-a3-pack-500-folhas-100-gr","status":"publish","type":"product","link":"https:\/\/ifoffice.pt\/?product=papel-fotocopia-navigator-din-a3-pack-500-folhas-100-gr","title":{"rendered":"Papel fotocopia navigator din a3 100 gr embalagem de 500 folhas"},"content":{"rendered":"<p>Trabalhos em ambos os lados, tinteiro, laser, cor e preto\/ branco. 100% garantido em todos os equipamentos de escrit\u00f3rio. Desempenho inigual\u00e1vel: 99,99% livre de encravamentos. A escolha perfeita para utiliza\u00e7\u00e3o nas empresas. Grande versatilidade para uso di\u00e1rio. Excelente qualidade de c\u00f3pia\/impress\u00e3o. Secagem r\u00e1pida e correta absor\u00e7\u00e3o da tinta. Com tecnologia UHD. Cores e contrastes mais definidos. A embalagem.<\/p>\n","protected":false},"excerpt":{"rendered":"<p>Papel fotocopia navigator din a3 100 gr embalagem de 500 folhas<\/p>\n","protected":false},"featured_media":122189,"comment_status":"closed","ping_status":"closed","template":"","meta":{"neve_meta_sidebar":"","neve_meta_container":"","neve_meta_enable_content_width":"off","neve_meta_content_width":70,"neve_meta_title_alignment":"","neve_meta_author_avatar":"","neve_post_elements_order":"","neve_meta_disable_header":"","neve_meta_disable_footer":"","neve_meta_disable_title":""},"product_brand":[],"product_cat":[1845],"product_tag":[2177],"class_list":{"0":"post-90153","1":"product","2":"type-product","3":"status-publish","4":"has-post-thumbnail","6":"product_cat-papel-fotocopia","7":"product_tag-multifuncao","9":"first","10":"instock","11":"taxable","12":"shipping-taxable","13":"purchasable","14":"product-type-simple"},"_links":{"self":[{"href":"https:\/\/ifoffice.pt\/index.php?rest_route=\/wp\/v2\/product\/90153","targetHints":{"allow":["GET"]}}],"collection":[{"href":"https:\/\/ifoffice.pt\/index.php?rest_route=\/wp\/v2\/product"}],"about":[{"href":"https:\/\/ifoffice.pt\/index.php?rest_route=\/wp\/v2\/types\/product"}],"replies":[{"embeddable":true,"href":"https:\/\/ifoffice.pt\/index.php?rest_route=%2Fwp%2Fv2%2Fcomments&post=90153"}],"wp:featuredmedia":[{"embeddable":true,"href":"https:\/\/ifoffice.pt\/index.php?rest_route=\/wp\/v2\/media\/122189"}],"wp:attachment":[{"href":"https:\/\/ifoffice.pt\/index.php?rest_route=%2Fwp%2Fv2%2Fmedia&parent=90153"}],"wp:term":[{"taxonomy":"product_brand","embeddable":true,"href":"https:\/\/ifoffice.pt\/index.php?rest_route=%2Fwp%2Fv2%2Fproduct_brand&post=90153"},{"taxonomy":"product_cat","embeddable":true,"href":"https:\/\/ifoffice.pt\/index.php?rest_route=%2Fwp%2Fv2%2Fproduct_cat&post=90153"},{"taxonomy":"product_tag","embeddable":true,"href":"https:\/\/ifoffice.pt\/index.php?rest_route=%2Fwp%2Fv2%2Fproduct_tag&post=90153"}],"curies":[{"name":"wp","href":"https:\/\/api.w.org\/{rel}","templated":true}]}}