{"id":90148,"date":"2021-01-22T21:59:43","date_gmt":"2021-01-22T21:59:43","guid":{"rendered":"https:\/\/ifoffice.pt\/produto\/import-placeholder-for-57044\/"},"modified":"2026-02-23T13:22:54","modified_gmt":"2026-02-23T13:22:54","slug":"quadro-branco-rocada-com-sistema-ski-whiteboard-100x150-cm","status":"publish","type":"product","link":"https:\/\/ifoffice.pt\/?product=quadro-branco-rocada-com-sistema-ski-whiteboard-100x150-cm","title":{"rendered":"Quadro branco rocada com sistema ski whiteboard 100&#215;150 cm"},"content":{"rendered":"<p>Quadro branco magn\u00e9tico com o revolucion\u00e1rio sistema Ski WhiteBoard\u00ae, permite construir um quadro t\u00e3o grande como o cliente desejar, simplesmente unindo m\u00f3dulos de diferentes medidas \u00e0 superf\u00edcie. Combina com o resto de produtos da s\u00e9rie SkinWhiteBoard\u00ae. Com suporte inferior para marcadores e outros acess\u00f3rios. Inclui kit para fixa\u00e7\u00e3o na parede. Usar unicamente marcadores especiais para quadros brancos. O quadro.<\/p>\n","protected":false},"excerpt":{"rendered":"<p>Quadro branco rocada com sistema ski whiteboard 100&#215;150 cm<\/p>\n","protected":false},"featured_media":122186,"comment_status":"closed","ping_status":"closed","template":"","meta":{"neve_meta_sidebar":"","neve_meta_container":"","neve_meta_enable_content_width":"","neve_meta_content_width":0,"neve_meta_title_alignment":"","neve_meta_author_avatar":"","neve_post_elements_order":"","neve_meta_disable_header":"","neve_meta_disable_footer":"","neve_meta_disable_title":""},"product_brand":[],"product_cat":[1863],"product_tag":[1219],"class_list":{"0":"post-90148","1":"product","2":"type-product","3":"status-publish","4":"has-post-thumbnail","6":"product_cat-quadros-brancos","7":"product_tag-branca","9":"first","10":"instock","11":"taxable","12":"shipping-taxable","13":"purchasable","14":"product-type-simple"},"_links":{"self":[{"href":"https:\/\/ifoffice.pt\/index.php?rest_route=\/wp\/v2\/product\/90148","targetHints":{"allow":["GET"]}}],"collection":[{"href":"https:\/\/ifoffice.pt\/index.php?rest_route=\/wp\/v2\/product"}],"about":[{"href":"https:\/\/ifoffice.pt\/index.php?rest_route=\/wp\/v2\/types\/product"}],"replies":[{"embeddable":true,"href":"https:\/\/ifoffice.pt\/index.php?rest_route=%2Fwp%2Fv2%2Fcomments&post=90148"}],"wp:featuredmedia":[{"embeddable":true,"href":"https:\/\/ifoffice.pt\/index.php?rest_route=\/wp\/v2\/media\/122186"}],"wp:attachment":[{"href":"https:\/\/ifoffice.pt\/index.php?rest_route=%2Fwp%2Fv2%2Fmedia&parent=90148"}],"wp:term":[{"taxonomy":"product_brand","embeddable":true,"href":"https:\/\/ifoffice.pt\/index.php?rest_route=%2Fwp%2Fv2%2Fproduct_brand&post=90148"},{"taxonomy":"product_cat","embeddable":true,"href":"https:\/\/ifoffice.pt\/index.php?rest_route=%2Fwp%2Fv2%2Fproduct_cat&post=90148"},{"taxonomy":"product_tag","embeddable":true,"href":"https:\/\/ifoffice.pt\/index.php?rest_route=%2Fwp%2Fv2%2Fproduct_tag&post=90148"}],"curies":[{"name":"wp","href":"https:\/\/api.w.org\/{rel}","templated":true}]}}