{"id":90101,"date":"2021-01-22T21:59:20","date_gmt":"2021-01-22T21:59:20","guid":{"rendered":"https:\/\/ifoffice.pt\/produto\/import-placeholder-for-57146\/"},"modified":"2026-02-23T13:22:52","modified_gmt":"2026-02-23T13:22:52","slug":"limpa-chao-com-aroma-a-maca-5-l","status":"publish","type":"product","link":"https:\/\/ifoffice.pt\/?product=limpa-chao-com-aroma-a-maca-5-l","title":{"rendered":"Limpa chao com aroma a maca 5 l"},"content":{"rendered":"<p>K-LNS \u00e9 um l\u00edquido neutro, sol\u00favel em \u00e1gua, em  espuma e com um agrad\u00e1vel aroma a ma\u00e7\u00e3. N\u00e3o  ataca nenhum tipo de superf\u00edcie \u00e9 ideal para utilizar  como esfrega solos de uso geral para a limpeza  de qualquer tipo de ch\u00e3o, incluindo os solos de  instala\u00e7\u00f5es aliment\u00e1rias. N\u00e3o deixa residuos e \u00e9  perfeitamente compativel com qualquer tipo de \u00e1gua.  Embalagem de 5 L.<\/p>\n","protected":false},"excerpt":{"rendered":"<p>Limpa chao com aroma a maca 5 l<\/p>\n","protected":false},"featured_media":122172,"comment_status":"closed","ping_status":"closed","template":"","meta":{"neve_meta_sidebar":"","neve_meta_container":"","neve_meta_enable_content_width":"off","neve_meta_content_width":0,"neve_meta_title_alignment":"","neve_meta_author_avatar":"","neve_post_elements_order":"","neve_meta_disable_header":"","neve_meta_disable_footer":"","neve_meta_disable_title":""},"product_brand":[],"product_cat":[1792],"product_tag":[993],"class_list":{"0":"post-90101","1":"product","2":"type-product","3":"status-publish","4":"has-post-thumbnail","6":"product_cat-produtos-de-limpeza","7":"product_tag-limpieza-de-chao","9":"first","10":"instock","11":"taxable","12":"shipping-taxable","13":"purchasable","14":"product-type-simple"},"_links":{"self":[{"href":"https:\/\/ifoffice.pt\/index.php?rest_route=\/wp\/v2\/product\/90101","targetHints":{"allow":["GET"]}}],"collection":[{"href":"https:\/\/ifoffice.pt\/index.php?rest_route=\/wp\/v2\/product"}],"about":[{"href":"https:\/\/ifoffice.pt\/index.php?rest_route=\/wp\/v2\/types\/product"}],"replies":[{"embeddable":true,"href":"https:\/\/ifoffice.pt\/index.php?rest_route=%2Fwp%2Fv2%2Fcomments&post=90101"}],"wp:featuredmedia":[{"embeddable":true,"href":"https:\/\/ifoffice.pt\/index.php?rest_route=\/wp\/v2\/media\/122172"}],"wp:attachment":[{"href":"https:\/\/ifoffice.pt\/index.php?rest_route=%2Fwp%2Fv2%2Fmedia&parent=90101"}],"wp:term":[{"taxonomy":"product_brand","embeddable":true,"href":"https:\/\/ifoffice.pt\/index.php?rest_route=%2Fwp%2Fv2%2Fproduct_brand&post=90101"},{"taxonomy":"product_cat","embeddable":true,"href":"https:\/\/ifoffice.pt\/index.php?rest_route=%2Fwp%2Fv2%2Fproduct_cat&post=90101"},{"taxonomy":"product_tag","embeddable":true,"href":"https:\/\/ifoffice.pt\/index.php?rest_route=%2Fwp%2Fv2%2Fproduct_tag&post=90101"}],"curies":[{"name":"wp","href":"https:\/\/api.w.org\/{rel}","templated":true}]}}