{"id":90100,"date":"2021-01-22T21:59:20","date_gmt":"2021-01-22T21:59:20","guid":{"rendered":"https:\/\/ifoffice.pt\/produto\/import-placeholder-for-57147\/"},"modified":"2026-02-23T13:22:52","modified_gmt":"2026-02-23T13:22:52","slug":"liquido-de-limpeza-para-casa-de-banho-5-l","status":"publish","type":"product","link":"https:\/\/ifoffice.pt\/?product=liquido-de-limpeza-para-casa-de-banho-5-l","title":{"rendered":"Liquido de limpeza para casa de banho 5 l"},"content":{"rendered":"<p>Detergente l\u00edquido concentrado com grande poder  de limpeza e higienizante. Especialmente destinado  a limpeza de lavabos, banheiras, solos, superf\u00edcies  de azulejos, paredes etc&#8230; A sua a\u00e7\u00e3o cont\u00ednua no  sistema de evacua\u00e7\u00e3o sanit\u00e1ria, elimina os maus  cheiros procedentes dos lavabos, tubos, urin\u00f3is, etc.  Embalagem de 5 L.<\/p>\n","protected":false},"excerpt":{"rendered":"<p>Liquido de limpeza para casa de banho 5 l<\/p>\n","protected":false},"featured_media":122171,"comment_status":"closed","ping_status":"closed","template":"","meta":{"neve_meta_sidebar":"","neve_meta_container":"","neve_meta_enable_content_width":"off","neve_meta_content_width":0,"neve_meta_title_alignment":"","neve_meta_author_avatar":"","neve_post_elements_order":"","neve_meta_disable_header":"","neve_meta_disable_footer":"","neve_meta_disable_title":""},"product_brand":[],"product_cat":[1792],"product_tag":[976],"class_list":{"0":"post-90100","1":"product","2":"type-product","3":"status-publish","4":"has-post-thumbnail","6":"product_cat-produtos-de-limpeza","7":"product_tag-limpieza-de-wc","9":"first","10":"instock","11":"taxable","12":"shipping-taxable","13":"purchasable","14":"product-type-simple"},"_links":{"self":[{"href":"https:\/\/ifoffice.pt\/index.php?rest_route=\/wp\/v2\/product\/90100","targetHints":{"allow":["GET"]}}],"collection":[{"href":"https:\/\/ifoffice.pt\/index.php?rest_route=\/wp\/v2\/product"}],"about":[{"href":"https:\/\/ifoffice.pt\/index.php?rest_route=\/wp\/v2\/types\/product"}],"replies":[{"embeddable":true,"href":"https:\/\/ifoffice.pt\/index.php?rest_route=%2Fwp%2Fv2%2Fcomments&post=90100"}],"wp:featuredmedia":[{"embeddable":true,"href":"https:\/\/ifoffice.pt\/index.php?rest_route=\/wp\/v2\/media\/122171"}],"wp:attachment":[{"href":"https:\/\/ifoffice.pt\/index.php?rest_route=%2Fwp%2Fv2%2Fmedia&parent=90100"}],"wp:term":[{"taxonomy":"product_brand","embeddable":true,"href":"https:\/\/ifoffice.pt\/index.php?rest_route=%2Fwp%2Fv2%2Fproduct_brand&post=90100"},{"taxonomy":"product_cat","embeddable":true,"href":"https:\/\/ifoffice.pt\/index.php?rest_route=%2Fwp%2Fv2%2Fproduct_cat&post=90100"},{"taxonomy":"product_tag","embeddable":true,"href":"https:\/\/ifoffice.pt\/index.php?rest_route=%2Fwp%2Fv2%2Fproduct_tag&post=90100"}],"curies":[{"name":"wp","href":"https:\/\/api.w.org\/{rel}","templated":true}]}}