{"id":90095,"date":"2021-01-22T21:59:19","date_gmt":"2021-01-22T21:59:19","guid":{"rendered":"https:\/\/ifoffice.pt\/produto\/import-placeholder-for-57152\/"},"modified":"2026-02-23T13:22:51","modified_gmt":"2026-02-23T13:22:51","slug":"liquido-de-limpeza-multiusos-5-l","status":"publish","type":"product","link":"https:\/\/ifoffice.pt\/?product=liquido-de-limpeza-multiusos-5-l","title":{"rendered":"Liquido de limpeza multiusos 5 l"},"content":{"rendered":"<p>Produto com um elevado poder detergente, que devido \u00e0 sua inovadora  f\u00f3rmula efetua uma limpeza em profundidade sem precedentes. R\u00e1pida  secagem, n\u00e3o deixa manchas de sais e possui excelentes presta\u00e7\u00f5es de  limpeza independentemente da dureza da \u00e1gua. Embalagem de 5 Litros.<\/p>\n","protected":false},"excerpt":{"rendered":"<p>Liquido de limpeza multiusos 5 l<\/p>\n","protected":false},"featured_media":122167,"comment_status":"closed","ping_status":"closed","template":"","meta":{"neve_meta_sidebar":"","neve_meta_container":"","neve_meta_enable_content_width":"","neve_meta_content_width":0,"neve_meta_title_alignment":"","neve_meta_author_avatar":"","neve_post_elements_order":"","neve_meta_disable_header":"","neve_meta_disable_footer":"","neve_meta_disable_title":""},"product_brand":[],"product_cat":[1792],"product_tag":[977],"class_list":{"0":"post-90095","1":"product","2":"type-product","3":"status-publish","4":"has-post-thumbnail","6":"product_cat-produtos-de-limpeza","7":"product_tag-multiusos","9":"first","10":"instock","11":"taxable","12":"shipping-taxable","13":"purchasable","14":"product-type-simple"},"_links":{"self":[{"href":"https:\/\/ifoffice.pt\/index.php?rest_route=\/wp\/v2\/product\/90095","targetHints":{"allow":["GET"]}}],"collection":[{"href":"https:\/\/ifoffice.pt\/index.php?rest_route=\/wp\/v2\/product"}],"about":[{"href":"https:\/\/ifoffice.pt\/index.php?rest_route=\/wp\/v2\/types\/product"}],"replies":[{"embeddable":true,"href":"https:\/\/ifoffice.pt\/index.php?rest_route=%2Fwp%2Fv2%2Fcomments&post=90095"}],"wp:featuredmedia":[{"embeddable":true,"href":"https:\/\/ifoffice.pt\/index.php?rest_route=\/wp\/v2\/media\/122167"}],"wp:attachment":[{"href":"https:\/\/ifoffice.pt\/index.php?rest_route=%2Fwp%2Fv2%2Fmedia&parent=90095"}],"wp:term":[{"taxonomy":"product_brand","embeddable":true,"href":"https:\/\/ifoffice.pt\/index.php?rest_route=%2Fwp%2Fv2%2Fproduct_brand&post=90095"},{"taxonomy":"product_cat","embeddable":true,"href":"https:\/\/ifoffice.pt\/index.php?rest_route=%2Fwp%2Fv2%2Fproduct_cat&post=90095"},{"taxonomy":"product_tag","embeddable":true,"href":"https:\/\/ifoffice.pt\/index.php?rest_route=%2Fwp%2Fv2%2Fproduct_tag&post=90095"}],"curies":[{"name":"wp","href":"https:\/\/api.w.org\/{rel}","templated":true}]}}