{"id":90093,"date":"2021-01-22T21:59:19","date_gmt":"2021-01-22T21:59:19","guid":{"rendered":"https:\/\/ifoffice.pt\/produto\/import-placeholder-for-57155\/"},"modified":"2026-02-23T13:22:51","modified_gmt":"2026-02-23T13:22:51","slug":"gel-para-limpeza-de-maos-5-l","status":"publish","type":"product","link":"https:\/\/ifoffice.pt\/?product=gel-para-limpeza-de-maos-5-l","title":{"rendered":"Gel para limpeza de maos 5 l"},"content":{"rendered":"<p>K-SOAP \u00e9 um gel limpador de m\u00e3os para uso geral, um produto com pH neutro, de alta concentra\u00e7\u00e3o, especialmente formulado para limpeza de m\u00e3os. Este produto combina a poderosa a\u00e7\u00e3o do amoniaco e agentes tensioativos n\u00e3o i\u00f3nicos derivados de \u00f3leo de coco, que eliminam a sujidade e os g\u00e9rmes, com a a\u00e7\u00e3o protetora da pele. Embalagem de 5L.<\/p>\n","protected":false},"excerpt":{"rendered":"<p>Gel para limpeza de maos 5 l<\/p>\n","protected":false},"featured_media":130534,"comment_status":"closed","ping_status":"closed","template":"","meta":{"neve_meta_sidebar":"","neve_meta_container":"","neve_meta_enable_content_width":"off","neve_meta_content_width":100,"neve_meta_title_alignment":"","neve_meta_author_avatar":"","neve_post_elements_order":"","neve_meta_disable_header":"","neve_meta_disable_footer":"","neve_meta_disable_title":""},"product_brand":[],"product_cat":[1792],"product_tag":[1012,886,992],"class_list":{"0":"post-90093","1":"product","2":"type-product","3":"status-publish","4":"has-post-thumbnail","6":"product_cat-produtos-de-limpeza","7":"product_tag-covid","8":"product_tag-higiene-pessoal","9":"product_tag-sabao-de-maos","11":"first","12":"instock","13":"taxable","14":"shipping-taxable","15":"purchasable","16":"product-type-simple"},"_links":{"self":[{"href":"https:\/\/ifoffice.pt\/index.php?rest_route=\/wp\/v2\/product\/90093","targetHints":{"allow":["GET"]}}],"collection":[{"href":"https:\/\/ifoffice.pt\/index.php?rest_route=\/wp\/v2\/product"}],"about":[{"href":"https:\/\/ifoffice.pt\/index.php?rest_route=\/wp\/v2\/types\/product"}],"replies":[{"embeddable":true,"href":"https:\/\/ifoffice.pt\/index.php?rest_route=%2Fwp%2Fv2%2Fcomments&post=90093"}],"wp:featuredmedia":[{"embeddable":true,"href":"https:\/\/ifoffice.pt\/index.php?rest_route=\/wp\/v2\/media\/130534"}],"wp:attachment":[{"href":"https:\/\/ifoffice.pt\/index.php?rest_route=%2Fwp%2Fv2%2Fmedia&parent=90093"}],"wp:term":[{"taxonomy":"product_brand","embeddable":true,"href":"https:\/\/ifoffice.pt\/index.php?rest_route=%2Fwp%2Fv2%2Fproduct_brand&post=90093"},{"taxonomy":"product_cat","embeddable":true,"href":"https:\/\/ifoffice.pt\/index.php?rest_route=%2Fwp%2Fv2%2Fproduct_cat&post=90093"},{"taxonomy":"product_tag","embeddable":true,"href":"https:\/\/ifoffice.pt\/index.php?rest_route=%2Fwp%2Fv2%2Fproduct_tag&post=90093"}],"curies":[{"name":"wp","href":"https:\/\/api.w.org\/{rel}","templated":true}]}}