{"id":90092,"date":"2021-01-22T21:59:18","date_gmt":"2021-01-22T21:59:18","guid":{"rendered":"https:\/\/ifoffice.pt\/produto\/import-placeholder-for-57156\/"},"modified":"2026-02-23T13:22:50","modified_gmt":"2026-02-23T13:22:50","slug":"tabuleiro-de-secretaria-cep-plastico-preto-greenspirit-plastico-348x257x66-mm","status":"publish","type":"product","link":"https:\/\/ifoffice.pt\/?product=tabuleiro-de-secretaria-cep-plastico-preto-greenspirit-plastico-348x257x66-mm","title":{"rendered":"Tabuleiro de secretaria cep plastico preto greenspirit plastico 348x257x66 mm"},"content":{"rendered":"<p>Fabricado em poliestireno. Muito pr\u00e1tico, com uma grande abertura na frente, que permite f\u00e1cilmente organizar, recuperar e manipular o conte\u00fado. Para documentos at\u00e9 24 x 32 cm. Empilh\u00e1vel. Medidas: 351 x 69 x 260 mm.<\/p>\n","protected":false},"excerpt":{"rendered":"<p>Tabuleiro de secretaria cep plastico preto greenspirit plastico 348x257x66 mm<\/p>\n","protected":false},"featured_media":122164,"comment_status":"closed","ping_status":"closed","template":"","meta":{"neve_meta_sidebar":"","neve_meta_container":"","neve_meta_enable_content_width":"","neve_meta_content_width":0,"neve_meta_title_alignment":"","neve_meta_author_avatar":"","neve_post_elements_order":"","neve_meta_disable_header":"","neve_meta_disable_footer":"","neve_meta_disable_title":""},"product_brand":[],"product_cat":[1834],"product_tag":[946],"class_list":{"0":"post-90092","1":"product","2":"type-product","3":"status-publish","4":"has-post-thumbnail","6":"product_cat-tabuleiros-de-secretaria","7":"product_tag-plastico","9":"first","10":"instock","11":"taxable","12":"shipping-taxable","13":"purchasable","14":"product-type-simple"},"_links":{"self":[{"href":"https:\/\/ifoffice.pt\/index.php?rest_route=\/wp\/v2\/product\/90092","targetHints":{"allow":["GET"]}}],"collection":[{"href":"https:\/\/ifoffice.pt\/index.php?rest_route=\/wp\/v2\/product"}],"about":[{"href":"https:\/\/ifoffice.pt\/index.php?rest_route=\/wp\/v2\/types\/product"}],"replies":[{"embeddable":true,"href":"https:\/\/ifoffice.pt\/index.php?rest_route=%2Fwp%2Fv2%2Fcomments&post=90092"}],"wp:featuredmedia":[{"embeddable":true,"href":"https:\/\/ifoffice.pt\/index.php?rest_route=\/wp\/v2\/media\/122164"}],"wp:attachment":[{"href":"https:\/\/ifoffice.pt\/index.php?rest_route=%2Fwp%2Fv2%2Fmedia&parent=90092"}],"wp:term":[{"taxonomy":"product_brand","embeddable":true,"href":"https:\/\/ifoffice.pt\/index.php?rest_route=%2Fwp%2Fv2%2Fproduct_brand&post=90092"},{"taxonomy":"product_cat","embeddable":true,"href":"https:\/\/ifoffice.pt\/index.php?rest_route=%2Fwp%2Fv2%2Fproduct_cat&post=90092"},{"taxonomy":"product_tag","embeddable":true,"href":"https:\/\/ifoffice.pt\/index.php?rest_route=%2Fwp%2Fv2%2Fproduct_tag&post=90092"}],"curies":[{"name":"wp","href":"https:\/\/api.w.org\/{rel}","templated":true}]}}