{"id":90047,"date":"2021-01-22T21:58:56","date_gmt":"2021-01-22T21:58:56","guid":{"rendered":"https:\/\/ifoffice.pt\/produto\/import-placeholder-for-57176\/"},"modified":"2026-02-23T13:22:48","modified_gmt":"2026-02-23T13:22:48","slug":"organizador-de-secretaria-cep-confor-ice-blue-plastico-transparente-celeste","status":"publish","type":"product","link":"https:\/\/ifoffice.pt\/?product=organizador-de-secretaria-cep-confor-ice-blue-plastico-transparente-celeste","title":{"rendered":"Organizador de secretaria cep confor ice blue plastico transparente celeste"},"content":{"rendered":"<p>Organizador modular em poliestireno injetado transparente, de grande qualidade e alto brilho. Com gavetas independentes. Cor cristal. Inclui 2 clips de uni\u00e3o. Medidas: 150 x 120 x 92 mm. N\u00e3o inclui acess\u00f3rios. O organizador.<\/p>\n","protected":false},"excerpt":{"rendered":"<p>Organizador de secretaria cep confor ice blue plastico transparente celeste<\/p>\n","protected":false},"featured_media":122147,"comment_status":"closed","ping_status":"closed","template":"","meta":{"neve_meta_sidebar":"","neve_meta_container":"","neve_meta_enable_content_width":"off","neve_meta_content_width":0,"neve_meta_title_alignment":"","neve_meta_author_avatar":"","neve_post_elements_order":"","neve_meta_disable_header":"","neve_meta_disable_footer":"","neve_meta_disable_title":""},"product_brand":[],"product_cat":[1900],"product_tag":[1229],"class_list":{"0":"post-90047","1":"product","2":"type-product","3":"status-publish","4":"has-post-thumbnail","6":"product_cat-organizadores","7":"product_tag-organizadores","9":"first","10":"instock","11":"taxable","12":"shipping-taxable","13":"purchasable","14":"product-type-simple"},"_links":{"self":[{"href":"https:\/\/ifoffice.pt\/index.php?rest_route=\/wp\/v2\/product\/90047","targetHints":{"allow":["GET"]}}],"collection":[{"href":"https:\/\/ifoffice.pt\/index.php?rest_route=\/wp\/v2\/product"}],"about":[{"href":"https:\/\/ifoffice.pt\/index.php?rest_route=\/wp\/v2\/types\/product"}],"replies":[{"embeddable":true,"href":"https:\/\/ifoffice.pt\/index.php?rest_route=%2Fwp%2Fv2%2Fcomments&post=90047"}],"wp:featuredmedia":[{"embeddable":true,"href":"https:\/\/ifoffice.pt\/index.php?rest_route=\/wp\/v2\/media\/122147"}],"wp:attachment":[{"href":"https:\/\/ifoffice.pt\/index.php?rest_route=%2Fwp%2Fv2%2Fmedia&parent=90047"}],"wp:term":[{"taxonomy":"product_brand","embeddable":true,"href":"https:\/\/ifoffice.pt\/index.php?rest_route=%2Fwp%2Fv2%2Fproduct_brand&post=90047"},{"taxonomy":"product_cat","embeddable":true,"href":"https:\/\/ifoffice.pt\/index.php?rest_route=%2Fwp%2Fv2%2Fproduct_cat&post=90047"},{"taxonomy":"product_tag","embeddable":true,"href":"https:\/\/ifoffice.pt\/index.php?rest_route=%2Fwp%2Fv2%2Fproduct_tag&post=90047"}],"curies":[{"name":"wp","href":"https:\/\/api.w.org\/{rel}","templated":true}]}}