{"id":89998,"date":"2021-01-22T21:58:33","date_gmt":"2021-01-22T21:58:33","guid":{"rendered":"https:\/\/ifoffice.pt\/produto\/import-placeholder-for-57224\/"},"modified":"2026-04-01T15:27:10","modified_gmt":"2026-04-01T15:27:10","slug":"esfuminho-artist-n-6-16-mm","status":"publish","type":"product","link":"https:\/\/ifoffice.pt\/?product=esfuminho-artist-n-6-16-mm","title":{"rendered":"Esfuminho artist n.6 &#8211; 16 mm"},"content":{"rendered":"<p>Servem para sombrear, estendendo os tra\u00e7os realizados com materiais que admitem a t\u00e9cnica do difuminado:  carv\u00e3o, l\u00e1pis, sangu\u00edneo, etc.<\/p>\n","protected":false},"excerpt":{"rendered":"<p>PACK DE 6 UNIDADES<\/p>\n","protected":false},"featured_media":122130,"comment_status":"closed","ping_status":"closed","template":"","meta":{"neve_meta_sidebar":"","neve_meta_container":"","neve_meta_enable_content_width":"off","neve_meta_content_width":0,"neve_meta_title_alignment":"","neve_meta_author_avatar":"","neve_post_elements_order":"","neve_meta_disable_header":"","neve_meta_disable_footer":"","neve_meta_disable_title":""},"product_brand":[],"product_cat":[15],"product_tag":[2374],"class_list":{"0":"post-89998","1":"product","2":"type-product","3":"status-publish","4":"has-post-thumbnail","6":"product_cat-uncategorized","7":"product_tag-esfuminhos-e-carvao","9":"first","10":"instock","11":"taxable","12":"shipping-taxable","13":"purchasable","14":"product-type-simple"},"_links":{"self":[{"href":"https:\/\/ifoffice.pt\/index.php?rest_route=\/wp\/v2\/product\/89998","targetHints":{"allow":["GET"]}}],"collection":[{"href":"https:\/\/ifoffice.pt\/index.php?rest_route=\/wp\/v2\/product"}],"about":[{"href":"https:\/\/ifoffice.pt\/index.php?rest_route=\/wp\/v2\/types\/product"}],"replies":[{"embeddable":true,"href":"https:\/\/ifoffice.pt\/index.php?rest_route=%2Fwp%2Fv2%2Fcomments&post=89998"}],"wp:featuredmedia":[{"embeddable":true,"href":"https:\/\/ifoffice.pt\/index.php?rest_route=\/wp\/v2\/media\/122130"}],"wp:attachment":[{"href":"https:\/\/ifoffice.pt\/index.php?rest_route=%2Fwp%2Fv2%2Fmedia&parent=89998"}],"wp:term":[{"taxonomy":"product_brand","embeddable":true,"href":"https:\/\/ifoffice.pt\/index.php?rest_route=%2Fwp%2Fv2%2Fproduct_brand&post=89998"},{"taxonomy":"product_cat","embeddable":true,"href":"https:\/\/ifoffice.pt\/index.php?rest_route=%2Fwp%2Fv2%2Fproduct_cat&post=89998"},{"taxonomy":"product_tag","embeddable":true,"href":"https:\/\/ifoffice.pt\/index.php?rest_route=%2Fwp%2Fv2%2Fproduct_tag&post=89998"}],"curies":[{"name":"wp","href":"https:\/\/api.w.org\/{rel}","templated":true}]}}