{"id":89990,"date":"2021-01-22T21:58:32","date_gmt":"2021-01-22T21:58:32","guid":{"rendered":"https:\/\/ifoffice.pt\/produto\/import-placeholder-for-57232\/"},"modified":"2026-02-23T13:22:43","modified_gmt":"2026-02-23T13:22:43","slug":"cartao-telado-artist-dalbe-6f-41x33-cm","status":"publish","type":"product","link":"https:\/\/ifoffice.pt\/?product=cartao-telado-artist-dalbe-6f-41x33-cm","title":{"rendered":"Cartao telado artist dalbe 6f 41&#215;33 cm"},"content":{"rendered":"<p>De qualidade fina, para pintura a \u00f3leo, acr\u00edlica ou t\u00e9cnica guache. Tela 100%  algod\u00e3o, de grano fino, prepara\u00e7\u00e3o universal.<\/p>\n","protected":false},"excerpt":{"rendered":"<p>Cartao telado artist dalbe 6f 41&#215;33 cm<\/p>\n","protected":false},"featured_media":122122,"comment_status":"closed","ping_status":"closed","template":"","meta":{"neve_meta_sidebar":"","neve_meta_container":"","neve_meta_enable_content_width":"off","neve_meta_content_width":0,"neve_meta_title_alignment":"","neve_meta_author_avatar":"","neve_post_elements_order":"","neve_meta_disable_header":"","neve_meta_disable_footer":"","neve_meta_disable_title":""},"product_brand":[],"product_cat":[2372],"product_tag":[2210],"class_list":{"0":"post-89990","1":"product","2":"type-product","3":"status-publish","4":"has-post-thumbnail","6":"product_cat-telas-em-cartao","7":"product_tag-cartao-canelado","9":"first","10":"instock","11":"taxable","12":"shipping-taxable","13":"purchasable","14":"product-type-simple"},"_links":{"self":[{"href":"https:\/\/ifoffice.pt\/index.php?rest_route=\/wp\/v2\/product\/89990","targetHints":{"allow":["GET"]}}],"collection":[{"href":"https:\/\/ifoffice.pt\/index.php?rest_route=\/wp\/v2\/product"}],"about":[{"href":"https:\/\/ifoffice.pt\/index.php?rest_route=\/wp\/v2\/types\/product"}],"replies":[{"embeddable":true,"href":"https:\/\/ifoffice.pt\/index.php?rest_route=%2Fwp%2Fv2%2Fcomments&post=89990"}],"wp:featuredmedia":[{"embeddable":true,"href":"https:\/\/ifoffice.pt\/index.php?rest_route=\/wp\/v2\/media\/122122"}],"wp:attachment":[{"href":"https:\/\/ifoffice.pt\/index.php?rest_route=%2Fwp%2Fv2%2Fmedia&parent=89990"}],"wp:term":[{"taxonomy":"product_brand","embeddable":true,"href":"https:\/\/ifoffice.pt\/index.php?rest_route=%2Fwp%2Fv2%2Fproduct_brand&post=89990"},{"taxonomy":"product_cat","embeddable":true,"href":"https:\/\/ifoffice.pt\/index.php?rest_route=%2Fwp%2Fv2%2Fproduct_cat&post=89990"},{"taxonomy":"product_tag","embeddable":true,"href":"https:\/\/ifoffice.pt\/index.php?rest_route=%2Fwp%2Fv2%2Fproduct_tag&post=89990"}],"curies":[{"name":"wp","href":"https:\/\/api.w.org\/{rel}","templated":true}]}}