{"id":89920,"date":"2021-01-22T21:58:04","date_gmt":"2021-01-22T21:58:04","guid":{"rendered":"https:\/\/ifoffice.pt\/produto\/import-placeholder-for-57359\/"},"modified":"2026-02-23T14:51:03","modified_gmt":"2026-02-23T14:51:03","slug":"recarga-esferografica-parker-preto-fino","status":"publish","type":"product","link":"https:\/\/ifoffice.pt\/?product=recarga-esferografica-parker-preto-fino","title":{"rendered":"Recarga esferografica parker preto fino"},"content":{"rendered":"<p>Ponta de a\u00e7o inoxid\u00e1vel e de esfera. Tra\u00e7o de 0,5 mm. Tra\u00e7o de 0,5 mm.<\/p>\n","protected":false},"excerpt":{"rendered":"<p>PACK DE 12 UNIDADES<\/p>\n","protected":false},"featured_media":122086,"comment_status":"closed","ping_status":"closed","template":"","meta":{"neve_meta_sidebar":"","neve_meta_container":"","neve_meta_enable_content_width":"off","neve_meta_content_width":0,"neve_meta_title_alignment":"","neve_meta_author_avatar":"","neve_post_elements_order":"","neve_meta_disable_header":"","neve_meta_disable_footer":"","neve_meta_disable_title":""},"product_brand":[],"product_cat":[1752],"product_tag":[791],"class_list":{"0":"post-89920","1":"product","2":"type-product","3":"status-publish","4":"has-post-thumbnail","6":"product_cat-recargas-e-acessorios","7":"product_tag-recarga","9":"first","10":"instock","11":"taxable","12":"shipping-taxable","13":"purchasable","14":"product-type-simple"},"_links":{"self":[{"href":"https:\/\/ifoffice.pt\/index.php?rest_route=\/wp\/v2\/product\/89920","targetHints":{"allow":["GET"]}}],"collection":[{"href":"https:\/\/ifoffice.pt\/index.php?rest_route=\/wp\/v2\/product"}],"about":[{"href":"https:\/\/ifoffice.pt\/index.php?rest_route=\/wp\/v2\/types\/product"}],"replies":[{"embeddable":true,"href":"https:\/\/ifoffice.pt\/index.php?rest_route=%2Fwp%2Fv2%2Fcomments&post=89920"}],"wp:featuredmedia":[{"embeddable":true,"href":"https:\/\/ifoffice.pt\/index.php?rest_route=\/wp\/v2\/media\/122086"}],"wp:attachment":[{"href":"https:\/\/ifoffice.pt\/index.php?rest_route=%2Fwp%2Fv2%2Fmedia&parent=89920"}],"wp:term":[{"taxonomy":"product_brand","embeddable":true,"href":"https:\/\/ifoffice.pt\/index.php?rest_route=%2Fwp%2Fv2%2Fproduct_brand&post=89920"},{"taxonomy":"product_cat","embeddable":true,"href":"https:\/\/ifoffice.pt\/index.php?rest_route=%2Fwp%2Fv2%2Fproduct_cat&post=89920"},{"taxonomy":"product_tag","embeddable":true,"href":"https:\/\/ifoffice.pt\/index.php?rest_route=%2Fwp%2Fv2%2Fproduct_tag&post=89920"}],"curies":[{"name":"wp","href":"https:\/\/api.w.org\/{rel}","templated":true}]}}