{"id":89886,"date":"2021-01-22T21:57:42","date_gmt":"2021-01-22T21:57:42","guid":{"rendered":"https:\/\/ifoffice.pt\/produto\/import-placeholder-for-57422\/"},"modified":"2026-02-23T13:22:35","modified_gmt":"2026-02-23T13:22:35","slug":"guache-liquido-jovi-1000-ml-azul-cyan","status":"publish","type":"product","link":"https:\/\/ifoffice.pt\/?product=guache-liquido-jovi-1000-ml-azul-cyan","title":{"rendered":"Guache liquido jovi 1000 ml azul cyan"},"content":{"rendered":"<p>O guache l\u00edquido Jovi \u00e9 aguado e pronto a usar, adequado para crian\u00e7as maiores de 3 anos de idade.  Ideal para utilizar sobre papel, cartolina, madeira, tela, barro, pasta de modelar, etc. Aplica-se com  um pincel, esp\u00e1tula ou mesmo esponjas. A sua pr\u00e1tica tampa doseadora contribui para o m\u00e1ximo  aproveitamento do guache.<\/p>\n","protected":false},"excerpt":{"rendered":"<p>Guache liquido jovi 1000 ml azul cyan<\/p>\n","protected":false},"featured_media":122080,"comment_status":"closed","ping_status":"closed","template":"","meta":{"neve_meta_sidebar":"","neve_meta_container":"","neve_meta_enable_content_width":"off","neve_meta_content_width":0,"neve_meta_title_alignment":"","neve_meta_author_avatar":"","neve_post_elements_order":"","neve_meta_disable_header":"","neve_meta_disable_footer":"","neve_meta_disable_title":""},"product_brand":[],"product_cat":[1954],"product_tag":[2200],"class_list":{"0":"post-89886","1":"product","2":"type-product","3":"status-publish","4":"has-post-thumbnail","6":"product_cat-guache","7":"product_tag-guache-liquido","9":"first","10":"instock","11":"taxable","12":"shipping-taxable","13":"purchasable","14":"product-type-simple"},"_links":{"self":[{"href":"https:\/\/ifoffice.pt\/index.php?rest_route=\/wp\/v2\/product\/89886","targetHints":{"allow":["GET"]}}],"collection":[{"href":"https:\/\/ifoffice.pt\/index.php?rest_route=\/wp\/v2\/product"}],"about":[{"href":"https:\/\/ifoffice.pt\/index.php?rest_route=\/wp\/v2\/types\/product"}],"replies":[{"embeddable":true,"href":"https:\/\/ifoffice.pt\/index.php?rest_route=%2Fwp%2Fv2%2Fcomments&post=89886"}],"wp:featuredmedia":[{"embeddable":true,"href":"https:\/\/ifoffice.pt\/index.php?rest_route=\/wp\/v2\/media\/122080"}],"wp:attachment":[{"href":"https:\/\/ifoffice.pt\/index.php?rest_route=%2Fwp%2Fv2%2Fmedia&parent=89886"}],"wp:term":[{"taxonomy":"product_brand","embeddable":true,"href":"https:\/\/ifoffice.pt\/index.php?rest_route=%2Fwp%2Fv2%2Fproduct_brand&post=89886"},{"taxonomy":"product_cat","embeddable":true,"href":"https:\/\/ifoffice.pt\/index.php?rest_route=%2Fwp%2Fv2%2Fproduct_cat&post=89886"},{"taxonomy":"product_tag","embeddable":true,"href":"https:\/\/ifoffice.pt\/index.php?rest_route=%2Fwp%2Fv2%2Fproduct_tag&post=89886"}],"curies":[{"name":"wp","href":"https:\/\/api.w.org\/{rel}","templated":true}]}}