{"id":89752,"date":"2021-01-22T21:56:49","date_gmt":"2021-01-22T21:56:49","guid":{"rendered":"https:\/\/ifoffice.pt\/produto\/import-placeholder-for-58137\/"},"modified":"2026-02-23T13:22:26","modified_gmt":"2026-02-23T13:22:26","slug":"tesoura-para-escritorio-q-connect-para-esquerdinos-21-cm","status":"publish","type":"product","link":"https:\/\/ifoffice.pt\/produto\/tesoura-para-escritorio-q-connect-para-esquerdinos-21-cm\/","title":{"rendered":"Tesoura para escritorio q-connect para esquerdinos 21 cm"},"content":{"rendered":"<p>Tesoura de escrit\u00f3rio Q-Connect\u00ae para esquerdinos. Com design especialmente indicado para uma melhor pega e comodidade para os esquerdinos. L\u00e2mina em a\u00e7o inoxid\u00e1vel. Cabo preto. Apresenta\u00e7\u00e3o em blister. Comprimento: 21 cm. A tesoura.<\/p>\n","protected":false},"excerpt":{"rendered":"<p>Tesoura para escritorio q-connect para esquerdinos 21 cm<\/p>\n","protected":false},"featured_media":122018,"comment_status":"closed","ping_status":"closed","template":"","meta":{"neve_meta_sidebar":"","neve_meta_container":"","neve_meta_enable_content_width":"off","neve_meta_content_width":0,"neve_meta_title_alignment":"","neve_meta_author_avatar":"","neve_post_elements_order":"","neve_meta_disable_header":"","neve_meta_disable_footer":"","neve_meta_disable_title":""},"product_brand":[],"product_cat":[1777],"product_tag":[1039],"class_list":{"0":"post-89752","1":"product","2":"type-product","3":"status-publish","4":"has-post-thumbnail","6":"product_cat-tesouras","7":"product_tag-escritorio","9":"first","10":"instock","11":"sale","12":"taxable","13":"shipping-taxable","14":"purchasable","15":"product-type-simple"},"_links":{"self":[{"href":"https:\/\/ifoffice.pt\/wp-json\/wp\/v2\/product\/89752","targetHints":{"allow":["GET"]}}],"collection":[{"href":"https:\/\/ifoffice.pt\/wp-json\/wp\/v2\/product"}],"about":[{"href":"https:\/\/ifoffice.pt\/wp-json\/wp\/v2\/types\/product"}],"replies":[{"embeddable":true,"href":"https:\/\/ifoffice.pt\/wp-json\/wp\/v2\/comments?post=89752"}],"wp:featuredmedia":[{"embeddable":true,"href":"https:\/\/ifoffice.pt\/wp-json\/wp\/v2\/media\/122018"}],"wp:attachment":[{"href":"https:\/\/ifoffice.pt\/wp-json\/wp\/v2\/media?parent=89752"}],"wp:term":[{"taxonomy":"product_brand","embeddable":true,"href":"https:\/\/ifoffice.pt\/wp-json\/wp\/v2\/product_brand?post=89752"},{"taxonomy":"product_cat","embeddable":true,"href":"https:\/\/ifoffice.pt\/wp-json\/wp\/v2\/product_cat?post=89752"},{"taxonomy":"product_tag","embeddable":true,"href":"https:\/\/ifoffice.pt\/wp-json\/wp\/v2\/product_tag?post=89752"}],"curies":[{"name":"wp","href":"https:\/\/api.w.org\/{rel}","templated":true}]}}