{"id":89751,"date":"2021-01-22T21:56:48","date_gmt":"2021-01-22T21:56:48","guid":{"rendered":"https:\/\/ifoffice.pt\/produto\/import-placeholder-for-58263\/"},"modified":"2026-02-23T13:22:26","modified_gmt":"2026-02-23T13:22:26","slug":"ponteiro-laser-kensington-e-joystick-cor-verde","status":"publish","type":"product","link":"https:\/\/ifoffice.pt\/?product=ponteiro-laser-kensington-e-joystick-cor-verde","title":{"rendered":"Ponteiro laser kensington e joystick cor verde"},"content":{"rendered":"<p>O design intuitivo de quatro bot\u00f5es do &#8220;Apresentador Expert&#8221; facilita a navega\u00e7\u00e3o na sua apresenta\u00e7\u00e3o Keynote\u00ae ou PowerPoint\u00ae. e quando necessita mover o cursor, basta com o tocar rapidamente de um bot\u00e3o para ter o controlo total do cursor. O potente comando \u00e0 dist\u00e2ncia de 2,4 Ghz \u00e9 imune \u00e0s interfer\u00eancias e permite controlar o Keynote\u00ae ou PowerPoint\u00ae a uma dist\u00e2ncia at\u00e9 50 metros. Inclui recetor USB e bolsa de transporte. Bot\u00f5es retroiluminados. Utiliza duas pilhas AAA inclu\u00eddas. O ponteiro.<\/p>\n","protected":false},"excerpt":{"rendered":"<p>Ponteiro laser kensington e joystick cor verde<\/p>\n","protected":false},"featured_media":122017,"comment_status":"closed","ping_status":"closed","template":"","meta":{"neve_meta_sidebar":"","neve_meta_container":"","neve_meta_enable_content_width":"","neve_meta_content_width":0,"neve_meta_title_alignment":"","neve_meta_author_avatar":"","neve_post_elements_order":"","neve_meta_disable_header":"","neve_meta_disable_footer":"","neve_meta_disable_title":""},"product_brand":[],"product_cat":[1908],"product_tag":[1275],"class_list":{"0":"post-89751","1":"product","2":"type-product","3":"status-publish","4":"has-post-thumbnail","6":"product_cat-acessorios-para-quadros","7":"product_tag-ponteiro","9":"first","10":"instock","11":"taxable","12":"shipping-taxable","13":"purchasable","14":"product-type-simple"},"_links":{"self":[{"href":"https:\/\/ifoffice.pt\/index.php?rest_route=\/wp\/v2\/product\/89751","targetHints":{"allow":["GET"]}}],"collection":[{"href":"https:\/\/ifoffice.pt\/index.php?rest_route=\/wp\/v2\/product"}],"about":[{"href":"https:\/\/ifoffice.pt\/index.php?rest_route=\/wp\/v2\/types\/product"}],"replies":[{"embeddable":true,"href":"https:\/\/ifoffice.pt\/index.php?rest_route=%2Fwp%2Fv2%2Fcomments&post=89751"}],"wp:featuredmedia":[{"embeddable":true,"href":"https:\/\/ifoffice.pt\/index.php?rest_route=\/wp\/v2\/media\/122017"}],"wp:attachment":[{"href":"https:\/\/ifoffice.pt\/index.php?rest_route=%2Fwp%2Fv2%2Fmedia&parent=89751"}],"wp:term":[{"taxonomy":"product_brand","embeddable":true,"href":"https:\/\/ifoffice.pt\/index.php?rest_route=%2Fwp%2Fv2%2Fproduct_brand&post=89751"},{"taxonomy":"product_cat","embeddable":true,"href":"https:\/\/ifoffice.pt\/index.php?rest_route=%2Fwp%2Fv2%2Fproduct_cat&post=89751"},{"taxonomy":"product_tag","embeddable":true,"href":"https:\/\/ifoffice.pt\/index.php?rest_route=%2Fwp%2Fv2%2Fproduct_tag&post=89751"}],"curies":[{"name":"wp","href":"https:\/\/api.w.org\/{rel}","templated":true}]}}