{"id":89556,"date":"2021-01-22T21:55:13","date_gmt":"2021-01-22T21:55:13","guid":{"rendered":"https:\/\/ifoffice.pt\/produto\/import-placeholder-for-58606\/"},"modified":"2026-02-23T13:22:13","modified_gmt":"2026-02-23T13:22:13","slug":"pasta-de-projetos-liderpapel-expansivel-gofrada-folio","status":"publish","type":"product","link":"https:\/\/ifoffice.pt\/?product=pasta-de-projetos-liderpapel-expansivel-gofrada-folio","title":{"rendered":"Pasta de projetos liderpapel expansivel gofrada folio"},"content":{"rendered":"<p>Pastas de projetos extens\u00edvel de 0 a 11 cm nas suas 3 dimens\u00f5es: largura, comprimento e espessura. Fecho de el\u00e1sticos. Formato F\u00f3lio (sem extender). Fabricada em cart\u00e3o gofrado. 4 cores sortidas: azul, preto, vermelho e verde.<\/p>\n","protected":false},"excerpt":{"rendered":"<p>Pasta de projetos liderpapel expansivel gofrada folio<\/p>\n","protected":false},"featured_media":121944,"comment_status":"closed","ping_status":"closed","template":"","meta":{"neve_meta_sidebar":"","neve_meta_container":"","neve_meta_enable_content_width":"off","neve_meta_content_width":0,"neve_meta_title_alignment":"","neve_meta_author_avatar":"","neve_post_elements_order":"","neve_meta_disable_header":"","neve_meta_disable_footer":"","neve_meta_disable_title":""},"product_brand":[],"product_cat":[1895],"product_tag":[1007],"class_list":{"0":"post-89556","1":"product","2":"type-product","3":"status-publish","4":"has-post-thumbnail","6":"product_cat-capas-de-projectos","7":"product_tag-folio-215-mm-x-315-mm","9":"first","10":"instock","11":"taxable","12":"shipping-taxable","13":"purchasable","14":"product-type-simple"},"_links":{"self":[{"href":"https:\/\/ifoffice.pt\/index.php?rest_route=\/wp\/v2\/product\/89556","targetHints":{"allow":["GET"]}}],"collection":[{"href":"https:\/\/ifoffice.pt\/index.php?rest_route=\/wp\/v2\/product"}],"about":[{"href":"https:\/\/ifoffice.pt\/index.php?rest_route=\/wp\/v2\/types\/product"}],"replies":[{"embeddable":true,"href":"https:\/\/ifoffice.pt\/index.php?rest_route=%2Fwp%2Fv2%2Fcomments&post=89556"}],"wp:featuredmedia":[{"embeddable":true,"href":"https:\/\/ifoffice.pt\/index.php?rest_route=\/wp\/v2\/media\/121944"}],"wp:attachment":[{"href":"https:\/\/ifoffice.pt\/index.php?rest_route=%2Fwp%2Fv2%2Fmedia&parent=89556"}],"wp:term":[{"taxonomy":"product_brand","embeddable":true,"href":"https:\/\/ifoffice.pt\/index.php?rest_route=%2Fwp%2Fv2%2Fproduct_brand&post=89556"},{"taxonomy":"product_cat","embeddable":true,"href":"https:\/\/ifoffice.pt\/index.php?rest_route=%2Fwp%2Fv2%2Fproduct_cat&post=89556"},{"taxonomy":"product_tag","embeddable":true,"href":"https:\/\/ifoffice.pt\/index.php?rest_route=%2Fwp%2Fv2%2Fproduct_tag&post=89556"}],"curies":[{"name":"wp","href":"https:\/\/api.w.org\/{rel}","templated":true}]}}