{"id":89546,"date":"2021-01-22T21:55:12","date_gmt":"2021-01-22T21:55:12","guid":{"rendered":"https:\/\/ifoffice.pt\/produto\/import-placeholder-for-58619\/"},"modified":"2026-02-23T13:22:13","modified_gmt":"2026-02-23T13:22:13","slug":"globo-com-luz-camaleao-26-cm","status":"publish","type":"product","link":"https:\/\/ifoffice.pt\/?product=globo-com-luz-camaleao-26-cm","title":{"rendered":"Globo com luz camaleao 26 cm"},"content":{"rendered":"<p>Globo luminoso f\u00edsica e pol\u00edtico de 26 cm de  di\u00e1metro, com base e meridiano de pl\u00e1stico.<\/p>\n","protected":false},"excerpt":{"rendered":"<p>Globo com luz camaleao 26 cm<\/p>\n","protected":false},"featured_media":121937,"comment_status":"closed","ping_status":"closed","template":"","meta":{"neve_meta_sidebar":"","neve_meta_container":"","neve_meta_enable_content_width":"off","neve_meta_content_width":0,"neve_meta_title_alignment":"","neve_meta_author_avatar":"","neve_post_elements_order":"","neve_meta_disable_header":"","neve_meta_disable_footer":"","neve_meta_disable_title":""},"product_brand":[],"product_cat":[1781],"product_tag":[1992],"class_list":{"0":"post-89546","1":"product","2":"type-product","3":"status-publish","4":"has-post-thumbnail","6":"product_cat-outros-artigos-escolares","7":"product_tag-esferas","9":"first","10":"instock","11":"taxable","12":"shipping-taxable","13":"purchasable","14":"product-type-simple"},"_links":{"self":[{"href":"https:\/\/ifoffice.pt\/index.php?rest_route=\/wp\/v2\/product\/89546","targetHints":{"allow":["GET"]}}],"collection":[{"href":"https:\/\/ifoffice.pt\/index.php?rest_route=\/wp\/v2\/product"}],"about":[{"href":"https:\/\/ifoffice.pt\/index.php?rest_route=\/wp\/v2\/types\/product"}],"replies":[{"embeddable":true,"href":"https:\/\/ifoffice.pt\/index.php?rest_route=%2Fwp%2Fv2%2Fcomments&post=89546"}],"wp:featuredmedia":[{"embeddable":true,"href":"https:\/\/ifoffice.pt\/index.php?rest_route=\/wp\/v2\/media\/121937"}],"wp:attachment":[{"href":"https:\/\/ifoffice.pt\/index.php?rest_route=%2Fwp%2Fv2%2Fmedia&parent=89546"}],"wp:term":[{"taxonomy":"product_brand","embeddable":true,"href":"https:\/\/ifoffice.pt\/index.php?rest_route=%2Fwp%2Fv2%2Fproduct_brand&post=89546"},{"taxonomy":"product_cat","embeddable":true,"href":"https:\/\/ifoffice.pt\/index.php?rest_route=%2Fwp%2Fv2%2Fproduct_cat&post=89546"},{"taxonomy":"product_tag","embeddable":true,"href":"https:\/\/ifoffice.pt\/index.php?rest_route=%2Fwp%2Fv2%2Fproduct_tag&post=89546"}],"curies":[{"name":"wp","href":"https:\/\/api.w.org\/{rel}","templated":true}]}}