{"id":89437,"date":"2021-01-22T21:54:22","date_gmt":"2021-01-22T21:54:22","guid":{"rendered":"https:\/\/ifoffice.pt\/produto\/import-placeholder-for-58693\/"},"modified":"2026-02-23T13:21:58","modified_gmt":"2026-02-23T13:21:58","slug":"pistola-de-colar-9-w-uhu-creativ","status":"publish","type":"product","link":"https:\/\/ifoffice.pt\/?product=pistola-de-colar-9-w-uhu-creativ","title":{"rendered":"Pistola cola termofusivel uhu 9w creativ"},"content":{"rendered":"<p>Pistola de baixa temperatura que pode ser utilizada em todo o tipo de materiais, mesmo os mais sens\u00edveis como esferovite e at\u00e9 mesmo na decora\u00e7\u00e3o de bal\u00f5es. Especialmente indicada para trabalhos com flores secas e objetos pequenos. A pistola.<\/p>\n","protected":false},"excerpt":{"rendered":"<p>Pistola cola termofusivel uhu 9w creativ<\/p>\n","protected":false},"featured_media":121881,"comment_status":"closed","ping_status":"closed","template":"","meta":{"neve_meta_sidebar":"","neve_meta_container":"","neve_meta_enable_content_width":"","neve_meta_content_width":0,"neve_meta_title_alignment":"","neve_meta_author_avatar":"","neve_post_elements_order":"","neve_meta_disable_header":"","neve_meta_disable_footer":"","neve_meta_disable_title":""},"product_brand":[],"product_cat":[1759],"product_tag":[1022],"class_list":{"0":"post-89437","1":"product","2":"type-product","3":"status-publish","4":"has-post-thumbnail","6":"product_cat-outros-adesivos","7":"product_tag-silicone","9":"first","10":"instock","11":"taxable","12":"shipping-taxable","13":"purchasable","14":"product-type-simple"},"_links":{"self":[{"href":"https:\/\/ifoffice.pt\/index.php?rest_route=\/wp\/v2\/product\/89437","targetHints":{"allow":["GET"]}}],"collection":[{"href":"https:\/\/ifoffice.pt\/index.php?rest_route=\/wp\/v2\/product"}],"about":[{"href":"https:\/\/ifoffice.pt\/index.php?rest_route=\/wp\/v2\/types\/product"}],"replies":[{"embeddable":true,"href":"https:\/\/ifoffice.pt\/index.php?rest_route=%2Fwp%2Fv2%2Fcomments&post=89437"}],"wp:featuredmedia":[{"embeddable":true,"href":"https:\/\/ifoffice.pt\/index.php?rest_route=\/wp\/v2\/media\/121881"}],"wp:attachment":[{"href":"https:\/\/ifoffice.pt\/index.php?rest_route=%2Fwp%2Fv2%2Fmedia&parent=89437"}],"wp:term":[{"taxonomy":"product_brand","embeddable":true,"href":"https:\/\/ifoffice.pt\/index.php?rest_route=%2Fwp%2Fv2%2Fproduct_brand&post=89437"},{"taxonomy":"product_cat","embeddable":true,"href":"https:\/\/ifoffice.pt\/index.php?rest_route=%2Fwp%2Fv2%2Fproduct_cat&post=89437"},{"taxonomy":"product_tag","embeddable":true,"href":"https:\/\/ifoffice.pt\/index.php?rest_route=%2Fwp%2Fv2%2Fproduct_tag&post=89437"}],"curies":[{"name":"wp","href":"https:\/\/api.w.org\/{rel}","templated":true}]}}