{"id":89434,"date":"2021-01-22T21:54:22","date_gmt":"2021-01-22T21:54:22","guid":{"rendered":"https:\/\/ifoffice.pt\/produto\/import-placeholder-for-58696\/"},"modified":"2026-02-23T13:21:58","modified_gmt":"2026-02-23T13:21:58","slug":"cola-power-uhu-multi-funcoes-transparente-33-ml","status":"publish","type":"product","link":"https:\/\/ifoffice.pt\/?product=cola-power-uhu-multi-funcoes-transparente-33-ml","title":{"rendered":"Cola power uhu multi funcoes transparente 33 ml"},"content":{"rendered":"<p>Ideal para todo o tipo de repara\u00e7\u00f5es caseiras e bricolage. Cola praticamente todo o tipo de materiais: metal, vidro, madeira, couro, tecidos, borracha, pl\u00e1stico, vinil, feltro, corti\u00e7a, cer\u00e2mica, porcelana e muito mais. Blister de 33ml.<\/p>\n","protected":false},"excerpt":{"rendered":"<p>Cola power uhu multi funcoes transparente 33 ml<\/p>\n","protected":false},"featured_media":121878,"comment_status":"closed","ping_status":"closed","template":"","meta":{"neve_meta_sidebar":"","neve_meta_container":"","neve_meta_enable_content_width":"","neve_meta_content_width":0,"neve_meta_title_alignment":"","neve_meta_author_avatar":"","neve_post_elements_order":"","neve_meta_disable_header":"","neve_meta_disable_footer":"","neve_meta_disable_title":""},"product_brand":[],"product_cat":[1758],"product_tag":[807],"class_list":{"0":"post-89434","1":"product","2":"type-product","3":"status-publish","4":"has-post-thumbnail","6":"product_cat-cola-em-tubo","7":"product_tag-contacto","9":"first","10":"instock","11":"taxable","12":"shipping-taxable","13":"purchasable","14":"product-type-simple"},"_links":{"self":[{"href":"https:\/\/ifoffice.pt\/index.php?rest_route=\/wp\/v2\/product\/89434","targetHints":{"allow":["GET"]}}],"collection":[{"href":"https:\/\/ifoffice.pt\/index.php?rest_route=\/wp\/v2\/product"}],"about":[{"href":"https:\/\/ifoffice.pt\/index.php?rest_route=\/wp\/v2\/types\/product"}],"replies":[{"embeddable":true,"href":"https:\/\/ifoffice.pt\/index.php?rest_route=%2Fwp%2Fv2%2Fcomments&post=89434"}],"wp:featuredmedia":[{"embeddable":true,"href":"https:\/\/ifoffice.pt\/index.php?rest_route=\/wp\/v2\/media\/121878"}],"wp:attachment":[{"href":"https:\/\/ifoffice.pt\/index.php?rest_route=%2Fwp%2Fv2%2Fmedia&parent=89434"}],"wp:term":[{"taxonomy":"product_brand","embeddable":true,"href":"https:\/\/ifoffice.pt\/index.php?rest_route=%2Fwp%2Fv2%2Fproduct_brand&post=89434"},{"taxonomy":"product_cat","embeddable":true,"href":"https:\/\/ifoffice.pt\/index.php?rest_route=%2Fwp%2Fv2%2Fproduct_cat&post=89434"},{"taxonomy":"product_tag","embeddable":true,"href":"https:\/\/ifoffice.pt\/index.php?rest_route=%2Fwp%2Fv2%2Fproduct_tag&post=89434"}],"curies":[{"name":"wp","href":"https:\/\/api.w.org\/{rel}","templated":true}]}}