{"id":89401,"date":"2021-01-22T21:54:00","date_gmt":"2021-01-22T21:54:00","guid":{"rendered":"https:\/\/ifoffice.pt\/produto\/import-placeholder-for-58746\/"},"modified":"2026-02-23T14:55:16","modified_gmt":"2026-02-23T14:55:16","slug":"bolsa-dossier-esselte-em-plastico-folio-transparente-110-microns","status":"publish","type":"product","link":"https:\/\/ifoffice.pt\/?product=bolsa-dossier-esselte-em-plastico-folio-transparente-110-microns","title":{"rendered":"Bolsa dossier esselte em plastico folio transparente 110 microns"},"content":{"rendered":"<p>Com abertura superior e lateral. Ideal para prote\u00e7\u00e3o e conserva\u00e7\u00e3o de documentos. Ranhura para f\u00e1cil abertura. Fabricada em polipropileno. Transparente. Pele martelada. 110 microns. Formato f\u00f3lio. Caixa de 100 unidades.<\/p>\n","protected":false},"excerpt":{"rendered":"<p>PACK DE 100 UNIDADES<\/p>\n","protected":false},"featured_media":121871,"comment_status":"closed","ping_status":"closed","template":"","meta":{"neve_meta_sidebar":"","neve_meta_container":"","neve_meta_enable_content_width":"off","neve_meta_content_width":0,"neve_meta_title_alignment":"","neve_meta_author_avatar":"","neve_post_elements_order":"","neve_meta_disable_header":"","neve_meta_disable_footer":"","neve_meta_disable_title":""},"product_brand":[],"product_cat":[1894],"product_tag":[1395],"class_list":{"0":"post-89401","1":"product","2":"type-product","3":"status-publish","4":"has-post-thumbnail","6":"product_cat-dossier","7":"product_tag-separador","9":"first","10":"outofstock","11":"taxable","12":"shipping-taxable","13":"purchasable","14":"product-type-simple"},"_links":{"self":[{"href":"https:\/\/ifoffice.pt\/index.php?rest_route=\/wp\/v2\/product\/89401","targetHints":{"allow":["GET"]}}],"collection":[{"href":"https:\/\/ifoffice.pt\/index.php?rest_route=\/wp\/v2\/product"}],"about":[{"href":"https:\/\/ifoffice.pt\/index.php?rest_route=\/wp\/v2\/types\/product"}],"replies":[{"embeddable":true,"href":"https:\/\/ifoffice.pt\/index.php?rest_route=%2Fwp%2Fv2%2Fcomments&post=89401"}],"wp:featuredmedia":[{"embeddable":true,"href":"https:\/\/ifoffice.pt\/index.php?rest_route=\/wp\/v2\/media\/121871"}],"wp:attachment":[{"href":"https:\/\/ifoffice.pt\/index.php?rest_route=%2Fwp%2Fv2%2Fmedia&parent=89401"}],"wp:term":[{"taxonomy":"product_brand","embeddable":true,"href":"https:\/\/ifoffice.pt\/index.php?rest_route=%2Fwp%2Fv2%2Fproduct_brand&post=89401"},{"taxonomy":"product_cat","embeddable":true,"href":"https:\/\/ifoffice.pt\/index.php?rest_route=%2Fwp%2Fv2%2Fproduct_cat&post=89401"},{"taxonomy":"product_tag","embeddable":true,"href":"https:\/\/ifoffice.pt\/index.php?rest_route=%2Fwp%2Fv2%2Fproduct_tag&post=89401"}],"curies":[{"name":"wp","href":"https:\/\/api.w.org\/{rel}","templated":true}]}}