{"id":89389,"date":"2021-01-22T21:53:59","date_gmt":"2021-01-22T21:53:59","guid":{"rendered":"https:\/\/ifoffice.pt\/produto\/import-placeholder-for-58943\/"},"modified":"2026-02-23T13:21:54","modified_gmt":"2026-02-23T13:21:54","slug":"plastificadora-fellowes-lunar-din-a4-2-rolos-ate-80-microns","status":"publish","type":"product","link":"https:\/\/ifoffice.pt\/?product=plastificadora-fellowes-lunar-din-a4-2-rolos-ate-80-microns","title":{"rendered":"Plastificadora fellowes lunar din a4 2 rolos ate 80 microns"},"content":{"rendered":"<p>Uso ocasional. Indicadores luminosos e ac\u00fasticos para avisar quando est\u00e1 na temperatura correta. Ajuste \u00fanico de temperatura para plastificar em quente. Adequada para bolsas de plastifica\u00e7\u00e3o de 80 microns. Admite fotografias. Mecanismo de liberta\u00e7\u00e3o de encravamentos. Tempo de aquecimento: 6 minutos. Medidas: 122 x 384 x 122 mmPeso: 1,5 kg.<\/p>\n","protected":false},"excerpt":{"rendered":"<p>Plastificadora fellowes lunar din a4 2 rolos ate 80 microns<\/p>\n","protected":false},"featured_media":121862,"comment_status":"closed","ping_status":"closed","template":"","meta":{"neve_meta_sidebar":"","neve_meta_container":"","neve_meta_enable_content_width":"off","neve_meta_content_width":0,"neve_meta_title_alignment":"","neve_meta_author_avatar":"","neve_post_elements_order":"","neve_meta_disable_header":"","neve_meta_disable_footer":"","neve_meta_disable_title":""},"product_brand":[],"product_cat":[1864],"product_tag":[1230],"class_list":{"0":"post-89389","1":"product","2":"type-product","3":"status-publish","4":"has-post-thumbnail","6":"product_cat-plastificadoras","7":"product_tag-plastificadora","9":"first","10":"instock","11":"taxable","12":"shipping-taxable","13":"purchasable","14":"product-type-simple"},"_links":{"self":[{"href":"https:\/\/ifoffice.pt\/index.php?rest_route=\/wp\/v2\/product\/89389","targetHints":{"allow":["GET"]}}],"collection":[{"href":"https:\/\/ifoffice.pt\/index.php?rest_route=\/wp\/v2\/product"}],"about":[{"href":"https:\/\/ifoffice.pt\/index.php?rest_route=\/wp\/v2\/types\/product"}],"replies":[{"embeddable":true,"href":"https:\/\/ifoffice.pt\/index.php?rest_route=%2Fwp%2Fv2%2Fcomments&post=89389"}],"wp:featuredmedia":[{"embeddable":true,"href":"https:\/\/ifoffice.pt\/index.php?rest_route=\/wp\/v2\/media\/121862"}],"wp:attachment":[{"href":"https:\/\/ifoffice.pt\/index.php?rest_route=%2Fwp%2Fv2%2Fmedia&parent=89389"}],"wp:term":[{"taxonomy":"product_brand","embeddable":true,"href":"https:\/\/ifoffice.pt\/index.php?rest_route=%2Fwp%2Fv2%2Fproduct_brand&post=89389"},{"taxonomy":"product_cat","embeddable":true,"href":"https:\/\/ifoffice.pt\/index.php?rest_route=%2Fwp%2Fv2%2Fproduct_cat&post=89389"},{"taxonomy":"product_tag","embeddable":true,"href":"https:\/\/ifoffice.pt\/index.php?rest_route=%2Fwp%2Fv2%2Fproduct_tag&post=89389"}],"curies":[{"name":"wp","href":"https:\/\/api.w.org\/{rel}","templated":true}]}}