{"id":89343,"date":"2021-01-22T21:53:35","date_gmt":"2021-01-22T21:53:35","guid":{"rendered":"https:\/\/ifoffice.pt\/produto\/import-placeholder-for-59093\/"},"modified":"2026-02-23T14:53:23","modified_gmt":"2026-02-23T14:53:23","slug":"agua-mineral-natural-fuente-primavera-garrafa-de-330ml","status":"publish","type":"product","link":"https:\/\/ifoffice.pt\/?product=agua-mineral-natural-fuente-primavera-garrafa-de-330ml","title":{"rendered":"Agua mineral natural fuente primavera garrafa de 330ml"},"content":{"rendered":"<p>\u00c1gua mineral natural  de mineraliza\u00e7\u00e3o d\u00e9bil.  Composi\u00e7\u00e3o qu\u00edmica (em mg\/l):  Bicarbonatos (CO3H) &#8216; 297,2  Sulfatos (SO4)-43,9  Cloretos (CI) &#8216; 35,8  C\u00e1lcio (Ca) &#8216; 88,7  Magn\u00e9sio (Mg) &#8216; 23,4  S\u00f3dio (Na) &#8216; 18,6  S\u00edlica (SiO2) &#8216; 7,1<\/p>\n","protected":false},"excerpt":{"rendered":"<p>PACK DE 24 UNIDADES<\/p>\n","protected":false},"featured_media":121846,"comment_status":"closed","ping_status":"closed","template":"","meta":{"neve_meta_sidebar":"","neve_meta_container":"","neve_meta_enable_content_width":"off","neve_meta_content_width":0,"neve_meta_title_alignment":"","neve_meta_author_avatar":"","neve_post_elements_order":"","neve_meta_disable_header":"","neve_meta_disable_footer":"","neve_meta_disable_title":""},"product_brand":[],"product_cat":[1818],"product_tag":[1250],"class_list":{"0":"post-89343","1":"product","2":"type-product","3":"status-publish","4":"has-post-thumbnail","6":"product_cat-bebidas","7":"product_tag-agua","9":"first","10":"instock","11":"taxable","12":"shipping-taxable","13":"purchasable","14":"product-type-simple"},"_links":{"self":[{"href":"https:\/\/ifoffice.pt\/index.php?rest_route=\/wp\/v2\/product\/89343","targetHints":{"allow":["GET"]}}],"collection":[{"href":"https:\/\/ifoffice.pt\/index.php?rest_route=\/wp\/v2\/product"}],"about":[{"href":"https:\/\/ifoffice.pt\/index.php?rest_route=\/wp\/v2\/types\/product"}],"replies":[{"embeddable":true,"href":"https:\/\/ifoffice.pt\/index.php?rest_route=%2Fwp%2Fv2%2Fcomments&post=89343"}],"wp:featuredmedia":[{"embeddable":true,"href":"https:\/\/ifoffice.pt\/index.php?rest_route=\/wp\/v2\/media\/121846"}],"wp:attachment":[{"href":"https:\/\/ifoffice.pt\/index.php?rest_route=%2Fwp%2Fv2%2Fmedia&parent=89343"}],"wp:term":[{"taxonomy":"product_brand","embeddable":true,"href":"https:\/\/ifoffice.pt\/index.php?rest_route=%2Fwp%2Fv2%2Fproduct_brand&post=89343"},{"taxonomy":"product_cat","embeddable":true,"href":"https:\/\/ifoffice.pt\/index.php?rest_route=%2Fwp%2Fv2%2Fproduct_cat&post=89343"},{"taxonomy":"product_tag","embeddable":true,"href":"https:\/\/ifoffice.pt\/index.php?rest_route=%2Fwp%2Fv2%2Fproduct_tag&post=89343"}],"curies":[{"name":"wp","href":"https:\/\/api.w.org\/{rel}","templated":true}]}}