{"id":89336,"date":"2021-01-22T21:53:34","date_gmt":"2021-01-22T21:53:34","guid":{"rendered":"https:\/\/ifoffice.pt\/produto\/import-placeholder-for-59100\/"},"modified":"2026-02-23T13:21:50","modified_gmt":"2026-02-23T13:21:50","slug":"aristo-liderpapel-geometria-16-cm-plastico-cristal-com-pega-fixa","status":"publish","type":"product","link":"https:\/\/ifoffice.pt\/?product=aristo-liderpapel-geometria-16-cm-plastico-cristal-com-pega-fixa","title":{"rendered":"Aristo liderpapel geometria 16 cm plastico cristal com pega fixa"},"content":{"rendered":"<p>Pl\u00e1stico injetado de baixa press\u00e3o. Com pega. Gradua\u00e7\u00e3o de 5 em 5 mm.  Comprimento cateto maior: 50 cm.<\/p>\n","protected":false},"excerpt":{"rendered":"<p>Aristo liderpapel geometria 16 cm plastico cristal com pega fixa<\/p>\n","protected":false},"featured_media":121839,"comment_status":"closed","ping_status":"closed","template":"","meta":{"neve_meta_sidebar":"","neve_meta_container":"","neve_meta_enable_content_width":"off","neve_meta_content_width":0,"neve_meta_title_alignment":"","neve_meta_author_avatar":"","neve_post_elements_order":"","neve_meta_disable_header":"","neve_meta_disable_footer":"","neve_meta_disable_title":""},"product_brand":[],"product_cat":[2490],"product_tag":[2142],"class_list":{"0":"post-89336","1":"product","2":"type-product","3":"status-publish","4":"has-post-thumbnail","6":"product_cat-raguas","7":"product_tag-esquadro","9":"first","10":"instock","11":"taxable","12":"shipping-taxable","13":"purchasable","14":"product-type-simple"},"_links":{"self":[{"href":"https:\/\/ifoffice.pt\/index.php?rest_route=\/wp\/v2\/product\/89336","targetHints":{"allow":["GET"]}}],"collection":[{"href":"https:\/\/ifoffice.pt\/index.php?rest_route=\/wp\/v2\/product"}],"about":[{"href":"https:\/\/ifoffice.pt\/index.php?rest_route=\/wp\/v2\/types\/product"}],"replies":[{"embeddable":true,"href":"https:\/\/ifoffice.pt\/index.php?rest_route=%2Fwp%2Fv2%2Fcomments&post=89336"}],"wp:featuredmedia":[{"embeddable":true,"href":"https:\/\/ifoffice.pt\/index.php?rest_route=\/wp\/v2\/media\/121839"}],"wp:attachment":[{"href":"https:\/\/ifoffice.pt\/index.php?rest_route=%2Fwp%2Fv2%2Fmedia&parent=89336"}],"wp:term":[{"taxonomy":"product_brand","embeddable":true,"href":"https:\/\/ifoffice.pt\/index.php?rest_route=%2Fwp%2Fv2%2Fproduct_brand&post=89336"},{"taxonomy":"product_cat","embeddable":true,"href":"https:\/\/ifoffice.pt\/index.php?rest_route=%2Fwp%2Fv2%2Fproduct_cat&post=89336"},{"taxonomy":"product_tag","embeddable":true,"href":"https:\/\/ifoffice.pt\/index.php?rest_route=%2Fwp%2Fv2%2Fproduct_tag&post=89336"}],"curies":[{"name":"wp","href":"https:\/\/api.w.org\/{rel}","templated":true}]}}