{"id":89272,"date":"2021-01-22T21:53:07","date_gmt":"2021-01-22T21:53:07","guid":{"rendered":"https:\/\/ifoffice.pt\/produto\/import-placeholder-for-59187\/"},"modified":"2026-02-23T13:21:45","modified_gmt":"2026-02-23T13:21:45","slug":"agua-mineral-natural-font-vella-garrafa-de-625l","status":"publish","type":"product","link":"https:\/\/ifoffice.pt\/?product=agua-mineral-natural-font-vella-garrafa-de-625l","title":{"rendered":"Agua mineral natural font vella garrafa de 6,25l"},"content":{"rendered":"<p>\u00c1gua mineral natural.  De mineraliza\u00e7\u00e3o d\u00e9bil.  Composi\u00e7\u00e3o qu\u00edmica (em mg\/l):  Bicarbonatos (CO3H) &#8216; 144  Sulfatos (SO4)-15,8  Cloretos (CI) &#8216; 13  C\u00e1lcio (Ca) &#8216; 35,5  Magn\u00e9sio (Mg) &#8216; 8,6  S\u00f3dio (Na) &#8216; 11,12<\/p>\n","protected":false},"excerpt":{"rendered":"<p>Agua mineral natural font vella garrafa de 6,25l<\/p>\n","protected":false},"featured_media":121807,"comment_status":"closed","ping_status":"closed","template":"","meta":{"neve_meta_sidebar":"","neve_meta_container":"","neve_meta_enable_content_width":"off","neve_meta_content_width":0,"neve_meta_title_alignment":"","neve_meta_author_avatar":"","neve_post_elements_order":"","neve_meta_disable_header":"","neve_meta_disable_footer":"","neve_meta_disable_title":""},"product_brand":[],"product_cat":[1818],"product_tag":[1250],"class_list":{"0":"post-89272","1":"product","2":"type-product","3":"status-publish","4":"has-post-thumbnail","6":"product_cat-bebidas","7":"product_tag-agua","9":"first","10":"instock","11":"taxable","12":"shipping-taxable","13":"purchasable","14":"product-type-simple"},"_links":{"self":[{"href":"https:\/\/ifoffice.pt\/index.php?rest_route=\/wp\/v2\/product\/89272","targetHints":{"allow":["GET"]}}],"collection":[{"href":"https:\/\/ifoffice.pt\/index.php?rest_route=\/wp\/v2\/product"}],"about":[{"href":"https:\/\/ifoffice.pt\/index.php?rest_route=\/wp\/v2\/types\/product"}],"replies":[{"embeddable":true,"href":"https:\/\/ifoffice.pt\/index.php?rest_route=%2Fwp%2Fv2%2Fcomments&post=89272"}],"wp:featuredmedia":[{"embeddable":true,"href":"https:\/\/ifoffice.pt\/index.php?rest_route=\/wp\/v2\/media\/121807"}],"wp:attachment":[{"href":"https:\/\/ifoffice.pt\/index.php?rest_route=%2Fwp%2Fv2%2Fmedia&parent=89272"}],"wp:term":[{"taxonomy":"product_brand","embeddable":true,"href":"https:\/\/ifoffice.pt\/index.php?rest_route=%2Fwp%2Fv2%2Fproduct_brand&post=89272"},{"taxonomy":"product_cat","embeddable":true,"href":"https:\/\/ifoffice.pt\/index.php?rest_route=%2Fwp%2Fv2%2Fproduct_cat&post=89272"},{"taxonomy":"product_tag","embeddable":true,"href":"https:\/\/ifoffice.pt\/index.php?rest_route=%2Fwp%2Fv2%2Fproduct_tag&post=89272"}],"curies":[{"name":"wp","href":"https:\/\/api.w.org\/{rel}","templated":true}]}}