{"id":89161,"date":"2021-01-22T21:52:17","date_gmt":"2021-01-22T21:52:17","guid":{"rendered":"https:\/\/ifoffice.pt\/produto\/import-placeholder-for-59398\/"},"modified":"2026-02-23T13:21:36","modified_gmt":"2026-02-23T13:21:36","slug":"fita-dymo-preto-transparente-12-mm-x7-mt-d1","status":"publish","type":"product","link":"https:\/\/ifoffice.pt\/?product=fita-dymo-preto-transparente-12-mm-x7-mt-d1","title":{"rendered":"Fita dymo preto transparente 12 mm x7 mt d1"},"content":{"rendered":"<p>A fita DYMO D1 em preto sobre transparente \u00e9 a escolha ideal para todas as suas necessidades de etiquetagem, oferecendo versatilidade e durabilidade em 7 metros de comprimento e 12 mm de largura. Concebida especificamente para utiliza\u00e7\u00e3o com as etiquetadoras eletr\u00f3nicas DYMO, esta fita \u00e9 perfeita para projetos de etiquetagem interiores e exteriores.<\/p>\n<ul>\n<li><strong>Compatibilidade:<\/strong>\u00a0Compat\u00edvel com uma vasta gama de modelos de impressoras de etiquetas DYMO, incluindo computadores port\u00e1teis e de secret\u00e1ria. Certifique-se de verificar a compatibilidade com o seu dispositivo espec\u00edfico.<\/li>\n<li><strong>Material e Durabilidade:<\/strong>\u00a0Fabricadas com materiais de elevada qualidade, as etiquetas s\u00e3o resistentes \u00e0 \u00e1gua, aos produtos qu\u00edmicos e a condi\u00e7\u00f5es climat\u00e9ricas extremas, garantindo uma longa vida \u00fatil.<\/li>\n<li><strong>F\u00e1cil aplica\u00e7\u00e3o:<\/strong>\u00a0Concebida para aderir firmemente a superf\u00edcies limpas e lisas, a fita \u00e9 f\u00e1cil de retirar para uma aplica\u00e7\u00e3o r\u00e1pida e f\u00e1cil.<\/li>\n<li><strong>Texto claro e preciso:<\/strong>\u00a0O elevado contraste entre o texto preto e o fundo transparente garante uma legibilidade eficaz, ideal para rotular objetos onde o fundo deve estar vis\u00edvel.<\/li>\n<li><strong>Utiliza\u00e7\u00f5es comuns:<\/strong>\u00a0Perfeito para escrit\u00f3rios, resid\u00eancias, armaz\u00e9ns e ambientes industriais. Ideal para identificar arquivos, estantes, equipamentos, cabos e muito mais, permitindo que o fundo sobre o qual \u00e9 aplicado seja vis\u00edvel.<\/li>\n<li><strong>Tecnologia de Impress\u00e3o:<\/strong>\u00a0Utiliza a impress\u00e3o t\u00e9rmica direta, eliminando a necessidade de tintas ou toners adicionais.<\/li>\n<\/ul>\n<p>Com a fita DYMO D1, obt\u00e9m uma solu\u00e7\u00e3o de etiquetagem fi\u00e1vel e flex\u00edvel que simplifica a organiza\u00e7\u00e3o em qualquer ambiente, seja em casa ou num ambiente profissional.<\/p>\n","protected":false},"excerpt":{"rendered":"<p>Fita dymo preto transparente 12 mm x7 mt d1<\/p>\n","protected":false},"featured_media":121752,"comment_status":"closed","ping_status":"closed","template":"","meta":{"neve_meta_sidebar":"","neve_meta_container":"","neve_meta_enable_content_width":"off","neve_meta_content_width":100,"neve_meta_title_alignment":"","neve_meta_author_avatar":"","neve_post_elements_order":"","neve_meta_disable_header":"","neve_meta_disable_footer":"","neve_meta_disable_title":""},"product_brand":[],"product_cat":[1790],"product_tag":[1204],"class_list":{"0":"post-89161","1":"product","2":"type-product","3":"status-publish","4":"has-post-thumbnail","6":"product_cat-etiquetadoras-e-fitas","7":"product_tag-consumivel-etiquetadora","9":"first","10":"instock","11":"taxable","12":"shipping-taxable","13":"purchasable","14":"product-type-simple"},"_links":{"self":[{"href":"https:\/\/ifoffice.pt\/index.php?rest_route=\/wp\/v2\/product\/89161","targetHints":{"allow":["GET"]}}],"collection":[{"href":"https:\/\/ifoffice.pt\/index.php?rest_route=\/wp\/v2\/product"}],"about":[{"href":"https:\/\/ifoffice.pt\/index.php?rest_route=\/wp\/v2\/types\/product"}],"replies":[{"embeddable":true,"href":"https:\/\/ifoffice.pt\/index.php?rest_route=%2Fwp%2Fv2%2Fcomments&post=89161"}],"wp:featuredmedia":[{"embeddable":true,"href":"https:\/\/ifoffice.pt\/index.php?rest_route=\/wp\/v2\/media\/121752"}],"wp:attachment":[{"href":"https:\/\/ifoffice.pt\/index.php?rest_route=%2Fwp%2Fv2%2Fmedia&parent=89161"}],"wp:term":[{"taxonomy":"product_brand","embeddable":true,"href":"https:\/\/ifoffice.pt\/index.php?rest_route=%2Fwp%2Fv2%2Fproduct_brand&post=89161"},{"taxonomy":"product_cat","embeddable":true,"href":"https:\/\/ifoffice.pt\/index.php?rest_route=%2Fwp%2Fv2%2Fproduct_cat&post=89161"},{"taxonomy":"product_tag","embeddable":true,"href":"https:\/\/ifoffice.pt\/index.php?rest_route=%2Fwp%2Fv2%2Fproduct_tag&post=89161"}],"curies":[{"name":"wp","href":"https:\/\/api.w.org\/{rel}","templated":true}]}}