{"id":89059,"date":"2021-01-22T21:51:26","date_gmt":"2021-01-22T21:51:26","guid":{"rendered":"https:\/\/ifoffice.pt\/produto\/import-placeholder-for-59517\/"},"modified":"2025-03-12T11:44:41","modified_gmt":"2025-03-12T11:44:41","slug":"lapiseira-pentel-graph-600-cor-branca-ponta-07mm","status":"publish","type":"product","link":"https:\/\/ifoffice.pt\/?product=lapiseira-pentel-graph-600-cor-branca-ponta-07mm","title":{"rendered":"Lapiseira pentel graph 600 cor branca ponta 0,7mm caixa com 12 unidades"},"content":{"rendered":"<p>Nova lapiseira t\u00e9cnica de escrita est\u00e1vel e visual arrojado, com centro de gravidade projetado proximo da ponta e grip de metal antideslizante que lhe permite tra\u00e7os precisos e conforto para os dedos. Apropriada para projetistas, engenheiros, arquitetos e todo profissional que faz quest\u00e0o de ter um produto preciso e de bom gosto. Dispon\u00e1vel em 2 di\u00e2metros &#8211; 0,5\/0,7 mm.<\/p>\n","protected":false},"excerpt":{"rendered":"<p>Lapiseira pentel graph 600 cor branca ponta 0,7mm<\/p>\n","protected":false},"featured_media":89089,"comment_status":"closed","ping_status":"closed","template":"","meta":{"neve_meta_sidebar":"","neve_meta_container":"","neve_meta_enable_content_width":"off","neve_meta_content_width":0,"neve_meta_title_alignment":"","neve_meta_author_avatar":"","neve_post_elements_order":"","neve_meta_disable_header":"","neve_meta_disable_footer":"","neve_meta_disable_title":""},"product_brand":[],"product_cat":[1768],"product_tag":[2345],"class_list":{"0":"post-89059","1":"product","2":"type-product","3":"status-publish","4":"has-post-thumbnail","6":"product_cat-lapiseiras","7":"product_tag-profissionais","9":"first","10":"outofstock","11":"taxable","12":"shipping-taxable","13":"purchasable","14":"product-type-simple"},"_links":{"self":[{"href":"https:\/\/ifoffice.pt\/index.php?rest_route=\/wp\/v2\/product\/89059","targetHints":{"allow":["GET"]}}],"collection":[{"href":"https:\/\/ifoffice.pt\/index.php?rest_route=\/wp\/v2\/product"}],"about":[{"href":"https:\/\/ifoffice.pt\/index.php?rest_route=\/wp\/v2\/types\/product"}],"replies":[{"embeddable":true,"href":"https:\/\/ifoffice.pt\/index.php?rest_route=%2Fwp%2Fv2%2Fcomments&post=89059"}],"wp:featuredmedia":[{"embeddable":true,"href":"https:\/\/ifoffice.pt\/index.php?rest_route=\/wp\/v2\/media\/89089"}],"wp:attachment":[{"href":"https:\/\/ifoffice.pt\/index.php?rest_route=%2Fwp%2Fv2%2Fmedia&parent=89059"}],"wp:term":[{"taxonomy":"product_brand","embeddable":true,"href":"https:\/\/ifoffice.pt\/index.php?rest_route=%2Fwp%2Fv2%2Fproduct_brand&post=89059"},{"taxonomy":"product_cat","embeddable":true,"href":"https:\/\/ifoffice.pt\/index.php?rest_route=%2Fwp%2Fv2%2Fproduct_cat&post=89059"},{"taxonomy":"product_tag","embeddable":true,"href":"https:\/\/ifoffice.pt\/index.php?rest_route=%2Fwp%2Fv2%2Fproduct_tag&post=89059"}],"curies":[{"name":"wp","href":"https:\/\/api.w.org\/{rel}","templated":true}]}}