{"id":89014,"date":"2021-01-22T21:51:03","date_gmt":"2021-01-22T21:51:03","guid":{"rendered":"https:\/\/ifoffice.pt\/produto\/import-placeholder-for-59548\/"},"modified":"2026-02-23T13:21:29","modified_gmt":"2026-02-23T13:21:29","slug":"lapis-de-cera-plastidecor-caixa-de-352-cores","status":"publish","type":"product","link":"https:\/\/ifoffice.pt\/?product=lapis-de-cera-plastidecor-caixa-de-352-cores","title":{"rendered":"Lapis de cera plastidecor caixa de 352 cores"},"content":{"rendered":"<p>Barra pl\u00e1stica limpa e resistente. Boa capacidade de cobertura. Permite  apagar e afiar como um l\u00e1pis. Recomendado para crian\u00e7as acima de 2 anos.  Caixa de grande formato ideal para uso escolar. 352 unidades: 22 ceras em  16 cores diferentes.<\/p>\n","protected":false},"excerpt":{"rendered":"<p>Lapis de cera plastidecor caixa de 352 cores<\/p>\n","protected":false},"featured_media":121703,"comment_status":"closed","ping_status":"closed","template":"","meta":{"neve_meta_sidebar":"","neve_meta_container":"","neve_meta_enable_content_width":"off","neve_meta_content_width":0,"neve_meta_title_alignment":"","neve_meta_author_avatar":"","neve_post_elements_order":"","neve_meta_disable_header":"","neve_meta_disable_footer":"","neve_meta_disable_title":""},"product_brand":[],"product_cat":[1774],"product_tag":[838],"class_list":{"0":"post-89014","1":"product","2":"type-product","3":"status-publish","4":"has-post-thumbnail","6":"product_cat-ceras","7":"product_tag-cera","9":"first","10":"instock","11":"taxable","12":"shipping-taxable","13":"purchasable","14":"product-type-simple"},"_links":{"self":[{"href":"https:\/\/ifoffice.pt\/index.php?rest_route=\/wp\/v2\/product\/89014","targetHints":{"allow":["GET"]}}],"collection":[{"href":"https:\/\/ifoffice.pt\/index.php?rest_route=\/wp\/v2\/product"}],"about":[{"href":"https:\/\/ifoffice.pt\/index.php?rest_route=\/wp\/v2\/types\/product"}],"replies":[{"embeddable":true,"href":"https:\/\/ifoffice.pt\/index.php?rest_route=%2Fwp%2Fv2%2Fcomments&post=89014"}],"wp:featuredmedia":[{"embeddable":true,"href":"https:\/\/ifoffice.pt\/index.php?rest_route=\/wp\/v2\/media\/121703"}],"wp:attachment":[{"href":"https:\/\/ifoffice.pt\/index.php?rest_route=%2Fwp%2Fv2%2Fmedia&parent=89014"}],"wp:term":[{"taxonomy":"product_brand","embeddable":true,"href":"https:\/\/ifoffice.pt\/index.php?rest_route=%2Fwp%2Fv2%2Fproduct_brand&post=89014"},{"taxonomy":"product_cat","embeddable":true,"href":"https:\/\/ifoffice.pt\/index.php?rest_route=%2Fwp%2Fv2%2Fproduct_cat&post=89014"},{"taxonomy":"product_tag","embeddable":true,"href":"https:\/\/ifoffice.pt\/index.php?rest_route=%2Fwp%2Fv2%2Fproduct_tag&post=89014"}],"curies":[{"name":"wp","href":"https:\/\/api.w.org\/{rel}","templated":true}]}}