{"id":88895,"date":"2021-01-22T21:50:13","date_gmt":"2021-01-22T21:50:13","guid":{"rendered":"https:\/\/ifoffice.pt\/produto\/import-placeholder-for-59849\/"},"modified":"2026-02-23T13:21:23","modified_gmt":"2026-02-23T13:21:23","slug":"dispensador-de-agua-jocca-com-deposito-agua-fria-e-natural","status":"publish","type":"product","link":"https:\/\/ifoffice.pt\/?product=dispensador-de-agua-jocca-com-deposito-agua-fria-e-natural","title":{"rendered":"Dispensador de agua jocca com deposito agua fria e natural"},"content":{"rendered":"<p>Dispensador de \u00e1gua dom\u00e9stico. C\u00f3modo,  limpo e f\u00e1cil de encher. Proporciona \u00e1gua fria  e natural. Inclui dep\u00f3sito exterior para \u00e1gua de  7l. Arrefece a \u00e1gua at\u00e9 8-10\u00b0C. Inclui bandeja  remov\u00edvel. Piloto indicador de ligado. Pot\u00eancia:  65W. 220-240V ~ 50Hz. Classe clim\u00e1tica N.  Medidas: 245 x 230 345 mm. Peso: 2,9 kg.<\/p>\n","protected":false},"excerpt":{"rendered":"<p>Dispensador de agua jocca com deposito agua fria e natural<\/p>\n","protected":false},"featured_media":131535,"comment_status":"closed","ping_status":"closed","template":"","meta":{"neve_meta_sidebar":"","neve_meta_container":"","neve_meta_enable_content_width":"off","neve_meta_content_width":0,"neve_meta_title_alignment":"","neve_meta_author_avatar":"","neve_post_elements_order":"","neve_meta_disable_header":"","neve_meta_disable_footer":"","neve_meta_disable_title":""},"product_brand":[],"product_cat":[1806],"product_tag":[2338],"class_list":{"0":"post-88895","1":"product","2":"type-product","3":"status-publish","4":"has-post-thumbnail","6":"product_cat-dispensadores","7":"product_tag-dispensador-de-agua","9":"first","10":"instock","11":"taxable","12":"shipping-taxable","13":"purchasable","14":"product-type-simple"},"_links":{"self":[{"href":"https:\/\/ifoffice.pt\/index.php?rest_route=\/wp\/v2\/product\/88895","targetHints":{"allow":["GET"]}}],"collection":[{"href":"https:\/\/ifoffice.pt\/index.php?rest_route=\/wp\/v2\/product"}],"about":[{"href":"https:\/\/ifoffice.pt\/index.php?rest_route=\/wp\/v2\/types\/product"}],"replies":[{"embeddable":true,"href":"https:\/\/ifoffice.pt\/index.php?rest_route=%2Fwp%2Fv2%2Fcomments&post=88895"}],"wp:featuredmedia":[{"embeddable":true,"href":"https:\/\/ifoffice.pt\/index.php?rest_route=\/wp\/v2\/media\/131535"}],"wp:attachment":[{"href":"https:\/\/ifoffice.pt\/index.php?rest_route=%2Fwp%2Fv2%2Fmedia&parent=88895"}],"wp:term":[{"taxonomy":"product_brand","embeddable":true,"href":"https:\/\/ifoffice.pt\/index.php?rest_route=%2Fwp%2Fv2%2Fproduct_brand&post=88895"},{"taxonomy":"product_cat","embeddable":true,"href":"https:\/\/ifoffice.pt\/index.php?rest_route=%2Fwp%2Fv2%2Fproduct_cat&post=88895"},{"taxonomy":"product_tag","embeddable":true,"href":"https:\/\/ifoffice.pt\/index.php?rest_route=%2Fwp%2Fv2%2Fproduct_tag&post=88895"}],"curies":[{"name":"wp","href":"https:\/\/api.w.org\/{rel}","templated":true}]}}