{"id":88890,"date":"2021-01-22T21:50:12","date_gmt":"2021-01-22T21:50:12","guid":{"rendered":"https:\/\/ifoffice.pt\/produto\/import-placeholder-for-59856\/"},"modified":"2025-03-12T11:44:26","modified_gmt":"2025-03-12T11:44:26","slug":"candeeiro-matainsectos-jocca","status":"publish","type":"product","link":"https:\/\/ifoffice.pt\/?product=candeeiro-matainsectos-jocca","title":{"rendered":"Candeeiro matainsectos jocca"},"content":{"rendered":"<p>Elimina eficazmente os insectos voadores colocando este candeeiro el\u00e9trico perto das portas e janelas. A luz especial atrai os insetos que caem fulminados ao receber uma descarga el\u00e9trica quando se aproximam do candeeiro. Com gancho para pendurar. Pot\u00eancia: 3W. Medidas: 115 x 230 x 50 mm. Peso: 1,5 kg.<\/p>\n","protected":false},"excerpt":{"rendered":"<p>Candeeiro matainsectos jocca<\/p>\n","protected":false},"featured_media":88920,"comment_status":"closed","ping_status":"closed","template":"","meta":{"neve_meta_sidebar":"","neve_meta_container":"","neve_meta_enable_content_width":"off","neve_meta_content_width":0,"neve_meta_title_alignment":"","neve_meta_author_avatar":"","neve_post_elements_order":"","neve_meta_disable_header":"","neve_meta_disable_footer":"","neve_meta_disable_title":""},"product_brand":[],"product_cat":[1792],"product_tag":[960],"class_list":{"0":"post-88890","1":"product","2":"type-product","3":"status-publish","4":"has-post-thumbnail","6":"product_cat-produtos-de-limpeza","7":"product_tag-insecticidas","9":"first","10":"outofstock","11":"taxable","12":"shipping-taxable","13":"purchasable","14":"product-type-simple"},"_links":{"self":[{"href":"https:\/\/ifoffice.pt\/index.php?rest_route=\/wp\/v2\/product\/88890","targetHints":{"allow":["GET"]}}],"collection":[{"href":"https:\/\/ifoffice.pt\/index.php?rest_route=\/wp\/v2\/product"}],"about":[{"href":"https:\/\/ifoffice.pt\/index.php?rest_route=\/wp\/v2\/types\/product"}],"replies":[{"embeddable":true,"href":"https:\/\/ifoffice.pt\/index.php?rest_route=%2Fwp%2Fv2%2Fcomments&post=88890"}],"wp:featuredmedia":[{"embeddable":true,"href":"https:\/\/ifoffice.pt\/index.php?rest_route=\/wp\/v2\/media\/88920"}],"wp:attachment":[{"href":"https:\/\/ifoffice.pt\/index.php?rest_route=%2Fwp%2Fv2%2Fmedia&parent=88890"}],"wp:term":[{"taxonomy":"product_brand","embeddable":true,"href":"https:\/\/ifoffice.pt\/index.php?rest_route=%2Fwp%2Fv2%2Fproduct_brand&post=88890"},{"taxonomy":"product_cat","embeddable":true,"href":"https:\/\/ifoffice.pt\/index.php?rest_route=%2Fwp%2Fv2%2Fproduct_cat&post=88890"},{"taxonomy":"product_tag","embeddable":true,"href":"https:\/\/ifoffice.pt\/index.php?rest_route=%2Fwp%2Fv2%2Fproduct_tag&post=88890"}],"curies":[{"name":"wp","href":"https:\/\/api.w.org\/{rel}","templated":true}]}}