{"id":88889,"date":"2021-01-22T21:50:12","date_gmt":"2021-01-22T21:50:12","guid":{"rendered":"https:\/\/ifoffice.pt\/produto\/import-placeholder-for-59858\/"},"modified":"2025-03-12T11:44:25","modified_gmt":"2025-03-12T11:44:25","slug":"repelente-insectos-e-roedores-jocca-por-ultrasons","status":"publish","type":"product","link":"https:\/\/ifoffice.pt\/?product=repelente-insectos-e-roedores-jocca-por-ultrasons","title":{"rendered":"Repelente insectos e roedores jocca por ultrasons"},"content":{"rendered":"<p>Afasta os roedores, baratas e insetos. Resultados eficazes sem usar  subst\u00e2ncias qu\u00edmicas. Completamente seguro. Pode utilizar-se perto de  crian\u00e7as e animais dom\u00e9sticos. Tomada de corrente adicional lateral. Sinal  luminoso e interruptor de luz noturna. Pot\u00eancia: 7W. Peso: 0,20 kg.<\/p>\n","protected":false},"excerpt":{"rendered":"<p>Repelente insectos e roedores jocca por ultrasons<\/p>\n","protected":false},"featured_media":121662,"comment_status":"closed","ping_status":"closed","template":"","meta":{"neve_meta_sidebar":"","neve_meta_container":"","neve_meta_enable_content_width":"off","neve_meta_content_width":0,"neve_meta_title_alignment":"","neve_meta_author_avatar":"","neve_post_elements_order":"","neve_meta_disable_header":"","neve_meta_disable_footer":"","neve_meta_disable_title":""},"product_brand":[],"product_cat":[1792],"product_tag":[960],"class_list":{"0":"post-88889","1":"product","2":"type-product","3":"status-publish","4":"has-post-thumbnail","6":"product_cat-produtos-de-limpeza","7":"product_tag-insecticidas","9":"first","10":"outofstock","11":"taxable","12":"shipping-taxable","13":"purchasable","14":"product-type-simple"},"_links":{"self":[{"href":"https:\/\/ifoffice.pt\/index.php?rest_route=\/wp\/v2\/product\/88889","targetHints":{"allow":["GET"]}}],"collection":[{"href":"https:\/\/ifoffice.pt\/index.php?rest_route=\/wp\/v2\/product"}],"about":[{"href":"https:\/\/ifoffice.pt\/index.php?rest_route=\/wp\/v2\/types\/product"}],"replies":[{"embeddable":true,"href":"https:\/\/ifoffice.pt\/index.php?rest_route=%2Fwp%2Fv2%2Fcomments&post=88889"}],"wp:featuredmedia":[{"embeddable":true,"href":"https:\/\/ifoffice.pt\/index.php?rest_route=\/wp\/v2\/media\/121662"}],"wp:attachment":[{"href":"https:\/\/ifoffice.pt\/index.php?rest_route=%2Fwp%2Fv2%2Fmedia&parent=88889"}],"wp:term":[{"taxonomy":"product_brand","embeddable":true,"href":"https:\/\/ifoffice.pt\/index.php?rest_route=%2Fwp%2Fv2%2Fproduct_brand&post=88889"},{"taxonomy":"product_cat","embeddable":true,"href":"https:\/\/ifoffice.pt\/index.php?rest_route=%2Fwp%2Fv2%2Fproduct_cat&post=88889"},{"taxonomy":"product_tag","embeddable":true,"href":"https:\/\/ifoffice.pt\/index.php?rest_route=%2Fwp%2Fv2%2Fproduct_tag&post=88889"}],"curies":[{"name":"wp","href":"https:\/\/api.w.org\/{rel}","templated":true}]}}